{"id":752,"date":"2017-04-03T19:27:47","date_gmt":"2017-04-03T19:27:47","guid":{"rendered":"https:\/\/biblioteca.web.med.up.pt\/wordpress\/?page_id=752"},"modified":"2023-08-03T12:52:18","modified_gmt":"2023-08-03T11:52:18","slug":"formacao-2","status":"publish","type":"page","link":"https:\/\/biblioteca.med.up.pt\/wordpress\/formacao-2\/","title":{"rendered":"Forma\u00e7\u00e3o"},"content":{"rendered":"<p><span style=\"color: #000000;\">A Biblioteca da FMUP organiza e ministra periodicamente A\u00e7\u00f5es de Forma\u00e7\u00e3o.<\/span><\/p>\n<p><span style=\"color: #000000;\">Consulte as forma\u00e7\u00f5es em curso <a href=\"https:\/\/biblioteca.med.up.pt\/servico-de-formacao\/\" target=\"_blank\" rel=\"noopener\">AQUI<\/a>.<\/span><\/p>\n","protected":false},"excerpt":{"rendered":"<p>A Biblioteca da FMUP organiza e ministra periodicamente A\u00e7\u00f5es de Forma\u00e7\u00e3o. Consulte as forma\u00e7\u00f5es em curso AQUI.<\/p>\n","protected":false},"author":7,"featured_media":2269,"parent":0,"menu_order":0,"comment_status":"closed","ping_status":"closed","template":"","meta":[],"_links":{"self":[{"href":"https:\/\/biblioteca.med.up.pt\/wordpress\/wp-json\/wp\/v2\/pages\/752"}],"collection":[{"href":"https:\/\/biblioteca.med.up.pt\/wordpress\/wp-json\/wp\/v2\/pages"}],"about":[{"href":"https:\/\/biblioteca.med.up.pt\/wordpress\/wp-json\/wp\/v2\/types\/page"}],"author":[{"embeddable":true,"href":"https:\/\/biblioteca.med.up.pt\/wordpress\/wp-json\/wp\/v2\/users\/7"}],"replies":[{"embeddable":true,"href":"https:\/\/biblioteca.med.up.pt\/wordpress\/wp-json\/wp\/v2\/comments?post=752"}],"version-history":[{"count":3,"href":"https:\/\/biblioteca.med.up.pt\/wordpress\/wp-json\/wp\/v2\/pages\/752\/revisions"}],"predecessor-version":[{"id":21041,"href":"https:\/\/biblioteca.med.up.pt\/wordpress\/wp-json\/wp\/v2\/pages\/752\/revisions\/21041"}],"wp:featuredmedia":[{"embeddable":true,"href":"https:\/\/biblioteca.med.up.pt\/wordpress\/wp-json\/wp\/v2\/media\/2269"}],"wp:attachment":[{"href":"https:\/\/biblioteca.med.up.pt\/wordpress\/wp-json\/wp\/v2\/media?parent=752"}],"curies":[{"name":"wp","href":"https:\/\/api.w.org\/{rel}","templated":true}]}}