{"id":720,"date":"2017-04-03T12:38:15","date_gmt":"2017-04-03T12:38:15","guid":{"rendered":"https:\/\/biblioteca.web.med.up.pt\/wordpress\/?page_id=720"},"modified":"2024-11-20T13:42:38","modified_gmt":"2024-11-20T13:42:38","slug":"faq-biblioteca","status":"publish","type":"page","link":"https:\/\/biblioteca.med.up.pt\/wordpress\/faq-biblioteca\/","title":{"rendered":"FAQ \u2013 Biblioteca"},"content":{"rendered":"<div class=\"hrf-faq-list\"><article class=\"hrf-entry\" id=\"hrf-entry-716\">\n                      <h3 class=\"hrf-title close-faq\" data-content-id=\"hrf-content-716\"><span><\/span>\u00c9 poss\u00edvel consultar a listagem das impress\u00f5es efetuadas na Biblioteca?<\/h3>\n                     <div class=\"hrf-content\" id=\"hrf-content-716\"><p><span style=\"color: #000000;\">Sim, \u00e9 poss\u00edvel. Para tal, aceda ao SIGARRA, autentique-se, clique no seu nome e depois no link &#8220;impress\u00f5es&#8221; que se encontra na coluna do lado direito.<\/span><\/p>\n<\/div>\n                  <\/article><article class=\"hrf-entry\" id=\"hrf-entry-722\">\n                      <h3 class=\"hrf-title close-faq\" data-content-id=\"hrf-content-722\"><span><\/span>Posso aceder aos recursos eletr\u00f3nicos fora da FMUP?<\/h3>\n                     <div class=\"hrf-content\" id=\"hrf-content-722\"><p><span style=\"color: #000000;\">O acesso externo \u00e0s bases de dados e peri\u00f3dicos online \u00e9 poss\u00edvel.<\/span><br \/>\n<span style=\"color: #000000;\"> Deve efetuar a configura\u00e7\u00e3o da VPN no seu computador pessoal. Mais informa\u00e7\u00f5es<\/span> <a href=\"https:\/\/www.up.pt\/portal\/pt\/updigital\/servicos\/redes-conetividade\/configura%C3%A7%C3%A3o-autom%C3%A1tica-windows\/\" target=\"_blank\" rel=\"noopener\">nesta liga\u00e7\u00e3o<\/a>.<br \/>\n<span style=\"color: #000000;\">Para o sistema operativo Windows (vers\u00e3o 32 ou 64 bits) podem ser descarregados aqui:<\/span><\/p>\n<p><a href=\"https:\/\/biblioteca.med.up.pt\/wordpress\/wp-content\/uploads\/2017\/04\/56459310.zip\">fmup_32bits.zip<\/a><\/p>\n<p><span style=\"color: #000000;\"><a href=\"https:\/\/biblioteca.med.up.pt\/wordpress\/wp-content\/uploads\/2017\/04\/56459307.zip\">fmup_64bits.zip<\/a><\/span><\/p>\n<p><span style=\"color: #000000;\">A valida\u00e7\u00e3o que deve utilizar (nome de utilizador \/ palavra-chave) \u00e9 a do <a href=\"https:\/\/sigarra.up.pt\/fmup\/pt\/web_page.Inicial\">SIGARRA<\/a>.<\/span><\/p>\n<p><span style=\"color: #000000;\">Nota: A consulta do cat\u00e1logo da FMUP \u00e9 livre. No entanto alguns conte\u00fados do cat\u00e1logo poder\u00e3o estar apenas acess\u00edveis a utilizadores UP.<\/span><\/p>\n<\/div>\n                  <\/article><article class=\"hrf-entry\" id=\"hrf-entry-723\">\n                      <h3 class=\"hrf-title close-faq\" data-content-id=\"hrf-content-723\"><span><\/span>Como posso carregar o meu saldo das impress\u00f5es e fotoc\u00f3pias?<\/h3>\n                     <div class=\"hrf-content\" id=\"hrf-content-723\"><p><span style=\"color: #000000;\">O carregamento do saldo para impress\u00f5es e fotoc\u00f3pias \u00e9 realizado no SIGARRA atrav\u00e9s de refer\u00eancia multibanco. <\/span><\/p>\n<p><span style=\"color: #000000;\">Para mais informa\u00e7\u00f5es consulte <a href=\"https:\/\/www.up.pt\/portal\/pt\/updigital\/servicos\/impressao\/carregar-quota\/\" target=\"_blank\" rel=\"noopener\">AQUI<\/a>.<\/span><\/p>\n<p><a href=\"https:\/\/www.up.pt\/portal\/pt\/updigital\/servicos\/impressao\/precario\/\" target=\"_blank\" rel=\"noopener\"><span style=\"color: #000000;\">Consulte aqui o pre\u00e7\u00e1rio em vigor das impress\u00f5es.<\/span><\/a><\/p>\n<\/div>\n                  <\/article><article class=\"hrf-entry\" id=\"hrf-entry-1830\">\n                      <h3 class=\"hrf-title close-faq\" data-content-id=\"hrf-content-1830\"><span><\/span>Impress\u00e3o equipamento pr\u00f3prio<\/h3>\n                     <div class=\"hrf-content\" id=\"hrf-content-1830\"><p><span style=\"color: #000000;\">\u00c9 poss\u00edvel imprimir documentos a partir do seu equipamento pessoal.<\/span><\/p>\n<p><span style=\"color: #000000;\">Para mais informa\u00e7\u00f5es sobre este servi\u00e7o, veja <a href=\"https:\/\/www.up.pt\/portal\/pt\/updigital\/servicos\/impressao\/equipamentos-pessoais\/\" target=\"_blank\" rel=\"noopener noreferrer\">AQUI<\/a>.<\/span><\/p>\n<\/div>\n                  <\/article><article class=\"hrf-entry\" id=\"hrf-entry-2128\">\n                      <h3 class=\"hrf-title close-faq\" data-content-id=\"hrf-content-2128\"><span><\/span>Quem pode utilizar os computadores p\u00fablicos da biblioteca?<\/h3>\n                     <div class=\"hrf-content\" id=\"hrf-content-2128\"><p><span style=\"color: #000000;\">Podem utilizar os computadores p\u00fablicos da Biblioteca a comunidade da FMUP (acesso priorit\u00e1rio), a comunidade da UP e a comunidade do CHSJ.<\/span><\/p>\n<p><span style=\"color: #000000;\">As credenciais de acesso aos computadores s\u00e3o o login do SIGARRA e a palavra-passe dos computadores da respetiva faculdade.<\/span><\/p>\n<p><span style=\"color: #000000;\">Os profissionais do CHSJ dever\u00e3o solicitar o acesso no balc\u00e3o de atendimento da Biblioteca.<\/span><\/p>\n<p><span style=\"color: #000000;\">Se n\u00e3o tem v\u00ednculo \u00e0 UP \/ CHSJ a utiliza\u00e7\u00e3o dos computadores p\u00fablicos da Biblioteca ter\u00e1 um custo de 2,00\u20ac\/hora.<\/span><\/p>\n<\/div>\n                  <\/article><article class=\"hrf-entry\" id=\"hrf-entry-2475\">\n                      <h3 class=\"hrf-title close-faq\" data-content-id=\"hrf-content-2475\"><span><\/span>Quem pode frequentar a biblioteca da FMUP<\/h3>\n                     <div class=\"hrf-content\" id=\"hrf-content-2475\"><p><span style=\"color: #000000;\">O acesso ao espa\u00e7o p\u00fablico da biblioteca da FMUP \u00e9 livre. Mantenha-se informado e consulte o <a href=\"https:\/\/biblioteca.med.up.pt\/regulamento\/\" target=\"_blank\" rel=\"noopener\">regulamento da biblioteca<\/a>.<\/span><\/p>\n<\/div>\n                  <\/article><article class=\"hrf-entry\" id=\"hrf-entry-3936\">\n                      <h3 class=\"hrf-title close-faq\" data-content-id=\"hrf-content-3936\"><span><\/span>N\u00e3o sou estudante da FMUP. Posso requisitar livros para casa?<\/h3>\n                     <div class=\"hrf-content\" id=\"hrf-content-3936\"><p><span style=\"color: #000000;\">O empr\u00e9stimo domicili\u00e1rio est\u00e1 reservado a comunidade da FMUP.<\/span><\/p>\n<p><span style=\"color: #000000;\">No entanto, em casos devidamente justificados, poder\u00e1 ser concedido o servi\u00e7o de Empr\u00e9stimo Domicili\u00e1rio aos utilizadores n\u00e3o pertencentes \u00e0 comunidade acad\u00e9mica da FMUP, devidamente identificados, mediante pr\u00e9via autoriza\u00e7\u00e3o da Dire\u00e7\u00e3o da Biblioteca, <strong>desde que os documentos pedidos n\u00e3o sejam diariamente consultados pelos estudantes da FMUP<\/strong>.<\/span><\/p>\n<\/div>\n                  <\/article><article class=\"hrf-entry\" id=\"hrf-entry-4002\">\n                      <h3 class=\"hrf-title close-faq\" data-content-id=\"hrf-content-4002\"><span><\/span>Como configurar a rede Eduroam no meu dispositivo pessoal?<\/h3>\n                     <div class=\"hrf-content\" id=\"hrf-content-4002\"><p><span style=\"color: #000000;\">Para configurar a rede Eduroam no meu computador port\u00e1til ou Smartphone Android ou iOS, veja esta <a href=\"https:\/\/www.up.pt\/portal\/pt\/updigital\/servicos\/redes-conetividade\/wi-fi\/\" target=\"_blank\" rel=\"noopener\">P\u00c1GINA<\/a>.<\/span><\/p>\n<\/div>\n                  <\/article><article class=\"hrf-entry\" id=\"hrf-entry-4186\">\n                      <h3 class=\"hrf-title close-faq\" data-content-id=\"hrf-content-4186\"><span><\/span>N\u00e3o sou estudante da FMUP. Posso imprimir documentos?<\/h3>\n                     <div class=\"hrf-content\" id=\"hrf-content-4186\"><p><span style=\"color: #000000;\">Sim. Qualquer estudante\/colaborador UPorto pode impimir na Biblioteca da FMUP, desde que tenha quota de impress\u00e3o (<em>saldo<\/em>) e <strong>desde que a respetiva Faculdade tenha aderido ao servi\u00e7o<\/strong><\/span> <span style=\"color: #000000;\"><strong>WebPrint.<\/strong> Consulte mais informa\u00e7\u00f5es <a href=\"https:\/\/www.up.pt\/portal\/en\/updigital\/services\/printing\/web-printing\/\" target=\"_blank\" rel=\"noopener\">AQUI<\/a>.<\/span><\/p>\n<p><span style=\"color: #000000;\">Se n\u00e3o tiver v\u00ednculo \u00e0 UPorto, o servi\u00e7o de impress\u00e3o n\u00e3o est\u00e1 dispon\u00edvel por quest\u00f5es t\u00e9cnicas.<\/span><\/p>\n<\/div>\n                  <\/article><\/div>\n","protected":false},"excerpt":{"rendered":"","protected":false},"author":7,"featured_media":0,"parent":0,"menu_order":0,"comment_status":"closed","ping_status":"closed","template":"","meta":[],"_links":{"self":[{"href":"https:\/\/biblioteca.med.up.pt\/wordpress\/wp-json\/wp\/v2\/pages\/720"}],"collection":[{"href":"https:\/\/biblioteca.med.up.pt\/wordpress\/wp-json\/wp\/v2\/pages"}],"about":[{"href":"https:\/\/biblioteca.med.up.pt\/wordpress\/wp-json\/wp\/v2\/types\/page"}],"author":[{"embeddable":true,"href":"https:\/\/biblioteca.med.up.pt\/wordpress\/wp-json\/wp\/v2\/users\/7"}],"replies":[{"embeddable":true,"href":"https:\/\/biblioteca.med.up.pt\/wordpress\/wp-json\/wp\/v2\/comments?post=720"}],"version-history":[{"count":2,"href":"https:\/\/biblioteca.med.up.pt\/wordpress\/wp-json\/wp\/v2\/pages\/720\/revisions"}],"predecessor-version":[{"id":22168,"href":"https:\/\/biblioteca.med.up.pt\/wordpress\/wp-json\/wp\/v2\/pages\/720\/revisions\/22168"}],"wp:attachment":[{"href":"https:\/\/biblioteca.med.up.pt\/wordpress\/wp-json\/wp\/v2\/media?parent=720"}],"curies":[{"name":"wp","href":"https:\/\/api.w.org\/{rel}","templated":true}]}}