{"id":712,"date":"2017-04-03T11:40:08","date_gmt":"2017-04-03T11:40:08","guid":{"rendered":"https:\/\/biblioteca.web.med.up.pt\/wordpress\/?page_id=712"},"modified":"2022-07-07T11:10:08","modified_gmt":"2022-07-07T10:10:08","slug":"bibliotecaria-de-referencia","status":"publish","type":"page","link":"https:\/\/biblioteca.med.up.pt\/wordpress\/bibliotecaria-de-referencia\/","title":{"rendered":"Servi\u00e7o de Refer\u00eancia (Apoio Individual)"},"content":{"rendered":"<p><span style=\"color: #000000;\">A Biblioteca da FMUP disponibiliza aos seus utilizadores um\u00a0servi\u00e7o de apoio especializado\u00a0na utiliza\u00e7\u00e3o dos recursos eletr\u00f3nicos da FMUP\/UP (bases de dados, software de gest\u00e3o de refer\u00eancia bibliogr\u00e1fica EndNote) e nas pesquisas bibliogr\u00e1ficas orientadas.<br \/>\nTamb\u00e9m presta apoio aos docentes e investigadores da FMUP na realiza\u00e7\u00e3o de estudos bibliom\u00e9tricos (n\u00ba de publica\u00e7\u00f5es indexadas, n\u00ba de cita\u00e7\u00f5es, H-index, Fator de Impacto de revistas, <em>rankings<\/em>, etc.).<\/span><\/p>\n<p><strong><span style=\"color: #000000;\">Para solicitar esse apoio, por favor contacte o Servi\u00e7o de Refer\u00eancia atrav\u00e9s do formul\u00e1rio em baixo.<\/span><\/strong><\/p>\n<div class=\"wpforms-container wpforms-container-full\" id=\"wpforms-2680\"><form id=\"wpforms-form-2680\" class=\"wpforms-validate wpforms-form\" data-formid=\"2680\" method=\"post\" enctype=\"multipart\/form-data\" action=\"\/wordpress\/wp-json\/wp\/v2\/pages\/712\" data-token=\"0f7792ebe144dbb5f750c5042df9fbbd\"><noscript class=\"wpforms-error-noscript\">Please enable JavaScript in your browser to complete this form.<\/noscript><div class=\"wpforms-field-container\"><div id=\"wpforms-2680-field_0-container\" class=\"wpforms-field wpforms-field-name\" data-field-id=\"0\"><label class=\"wpforms-field-label\" for=\"wpforms-2680-field_0\">Nome <span class=\"wpforms-required-label\">*<\/span><\/label><input type=\"text\" id=\"wpforms-2680-field_0\" class=\"wpforms-field-medium wpforms-field-required\" name=\"wpforms[fields][0]\" required><\/div><div id=\"wpforms-2680-field_1-container\" class=\"wpforms-field wpforms-field-email\" data-field-id=\"1\"><label class=\"wpforms-field-label\" for=\"wpforms-2680-field_1\">Email <span class=\"wpforms-required-label\">*<\/span><\/label><input type=\"email\" id=\"wpforms-2680-field_1\" class=\"wpforms-field-medium wpforms-field-required\" name=\"wpforms[fields][1]\" required><\/div><div id=\"wpforms-2680-field_2-container\" class=\"wpforms-field wpforms-field-textarea\" data-field-id=\"2\"><label class=\"wpforms-field-label\" for=\"wpforms-2680-field_2\">Mensagem <span class=\"wpforms-required-label\">*<\/span><\/label><textarea id=\"wpforms-2680-field_2\" class=\"wpforms-field-medium wpforms-field-required\" name=\"wpforms[fields][2]\" required><\/textarea><\/div><\/div><div class=\"wpforms-field wpforms-field-hp\"><label for=\"wpforms-2680-field-hp\" class=\"wpforms-field-label\">Message<\/label><input type=\"text\" name=\"wpforms[hp]\" id=\"wpforms-2680-field-hp\" class=\"wpforms-field-medium\"><\/div><div class=\"wpforms-submit-container\"><input type=\"hidden\" name=\"wpforms[id]\" value=\"2680\"><input type=\"hidden\" name=\"wpforms[author]\" value=\"7\"><button type=\"submit\" name=\"wpforms[submit]\" id=\"wpforms-submit-2680\" class=\"wpforms-submit\" data-alt-text=\"A enviar...\" data-submit-text=\"Submeter\" aria-live=\"assertive\" value=\"wpforms-submit\">Submeter<\/button><\/div><\/form><\/div>  <!-- .wpforms-container -->\n","protected":false},"excerpt":{"rendered":"<p>A Biblioteca da FMUP disponibiliza aos seus utilizadores um\u00a0servi\u00e7o de apoio especializado\u00a0na utiliza\u00e7\u00e3o dos recursos eletr\u00f3nicos da FMUP\/UP (bases de dados, software de gest\u00e3o de refer\u00eancia bibliogr\u00e1fica EndNote) e nas pesquisas bibliogr\u00e1ficas orientadas. Tamb\u00e9m presta apoio aos docentes e investigadores <a href=\"https:\/\/biblioteca.med.up.pt\/wordpress\/bibliotecaria-de-referencia\/\" class=\"read-more\">Ler mais &#8230;<\/a><\/p>\n","protected":false},"author":7,"featured_media":713,"parent":0,"menu_order":0,"comment_status":"closed","ping_status":"closed","template":"","meta":[],"_links":{"self":[{"href":"https:\/\/biblioteca.med.up.pt\/wordpress\/wp-json\/wp\/v2\/pages\/712"}],"collection":[{"href":"https:\/\/biblioteca.med.up.pt\/wordpress\/wp-json\/wp\/v2\/pages"}],"about":[{"href":"https:\/\/biblioteca.med.up.pt\/wordpress\/wp-json\/wp\/v2\/types\/page"}],"author":[{"embeddable":true,"href":"https:\/\/biblioteca.med.up.pt\/wordpress\/wp-json\/wp\/v2\/users\/7"}],"replies":[{"embeddable":true,"href":"https:\/\/biblioteca.med.up.pt\/wordpress\/wp-json\/wp\/v2\/comments?post=712"}],"version-history":[{"count":2,"href":"https:\/\/biblioteca.med.up.pt\/wordpress\/wp-json\/wp\/v2\/pages\/712\/revisions"}],"predecessor-version":[{"id":19661,"href":"https:\/\/biblioteca.med.up.pt\/wordpress\/wp-json\/wp\/v2\/pages\/712\/revisions\/19661"}],"wp:featuredmedia":[{"embeddable":true,"href":"https:\/\/biblioteca.med.up.pt\/wordpress\/wp-json\/wp\/v2\/media\/713"}],"wp:attachment":[{"href":"https:\/\/biblioteca.med.up.pt\/wordpress\/wp-json\/wp\/v2\/media?parent=712"}],"curies":[{"name":"wp","href":"https:\/\/api.w.org\/{rel}","templated":true}]}}