{"id":3254,"date":"2019-01-18T14:58:36","date_gmt":"2019-01-18T14:58:36","guid":{"rendered":"https:\/\/biblioteca.med.up.pt\/wordpress\/?page_id=3254"},"modified":"2024-03-18T14:05:05","modified_gmt":"2024-03-18T14:05:05","slug":"apresentacao","status":"publish","type":"page","link":"https:\/\/biblioteca.med.up.pt\/wordpress\/apresentacao\/","title":{"rendered":"Apresenta\u00e7\u00e3o \ud83d\udcac"},"content":{"rendered":"\t\t<div data-elementor-type=\"wp-post\" data-elementor-id=\"3254\" class=\"elementor elementor-3254\">\n\t\t\t\t\t\t<div class=\"elementor-inner\">\n\t\t\t\t<div class=\"elementor-section-wrap\">\n\t\t\t\t\t\t\t\t\t<section class=\"elementor-section elementor-top-section elementor-element elementor-element-e9997f4 elementor-section-boxed elementor-section-height-default elementor-section-height-default\" data-id=\"e9997f4\" data-element_type=\"section\">\n\t\t\t\t\t\t<div class=\"elementor-container elementor-column-gap-default\">\n\t\t\t\t\t\t\t<div class=\"elementor-row\">\n\t\t\t\t\t<div class=\"elementor-column elementor-col-100 elementor-top-column elementor-element elementor-element-3dde47d3\" data-id=\"3dde47d3\" data-element_type=\"column\">\n\t\t\t<div class=\"elementor-column-wrap elementor-element-populated\">\n\t\t\t\t\t\t\t<div class=\"elementor-widget-wrap\">\n\t\t\t\t\t\t<div class=\"elementor-element elementor-element-5f510b14 elementor-widget elementor-widget-heading\" data-id=\"5f510b14\" data-element_type=\"widget\" data-widget_type=\"heading.default\">\n\t\t\t\t<div class=\"elementor-widget-container\">\n\t\t\t<h3 class=\"elementor-heading-title elementor-size-large\">OS Nossos servi\u00e7os<\/h3>\t\t<\/div>\n\t\t\t\t<\/div>\n\t\t\t\t<div class=\"elementor-element elementor-element-bc62abb elementor-widget elementor-widget-text-editor\" data-id=\"bc62abb\" data-element_type=\"widget\" data-widget_type=\"text-editor.default\">\n\t\t\t\t<div class=\"elementor-widget-container\">\n\t\t\t\t\t\t\t\t<div class=\"elementor-text-editor elementor-clearfix\">\n\t\t\t\t<p><span lang=\"PT-PT\" style=\"color: #000000;\" xml:lang=\"PT-PT\" data-contrast=\"auto\">A Biblioteca tem por miss\u00e3o apoiar o Diretor e Departamentos Acad\u00e9micos da FMUP ao gerir e disponibilizar todo o esp\u00f3lio bibliogr\u00e1fico da FMUP e informa\u00e7\u00e3o de suporte por forma a apoiar as atividades de ensino e investiga\u00e7\u00e3o, segundo o <\/span><a href=\"https:\/\/sigarra.up.pt\/fmup\/pt\/legislacao_geral.legislacao_ver_ficheiro?pct_gdoc_id=2212948&amp;pct_nr_id=707&amp;pct_codigo=3\" target=\"_blank\" rel=\"noreferrer noopener\"><span lang=\"PT-PT\" xml:lang=\"PT-PT\" data-contrast=\"none\"><span data-ccp-charstyle=\"Hyperlink\">regulamento org\u00e2nico da FMUP<\/span><\/span><\/a><span lang=\"PT-PT\" xml:lang=\"PT-PT\" data-contrast=\"auto\">\u00a0<\/span><span data-ccp-props=\"{&quot;201341983&quot;:0,&quot;335559739&quot;:75,&quot;335559740&quot;:240}\">\u00a0<\/span><\/p><p><span style=\"color: #000000;\"><span lang=\"PT-PT\" xml:lang=\"PT-PT\" data-contrast=\"none\"><span data-ccp-parastyle=\"Normal (Web)\">Encontra-se localizada no complexo de edif\u00edcios que integra o Centro de Investiga\u00e7\u00e3o M\u00e9dica (CIM), ocupando 2 pisos<\/span><span data-ccp-parastyle=\"Normal (Web)\"> e<\/span><span data-ccp-parastyle=\"Normal (Web)\"> disp\u00f5e de amplas instala\u00e7\u00f5es com uma sala de leitura <\/span><span data-ccp-parastyle=\"Normal (Web)\">no piso 2 de<\/span><span data-ccp-parastyle=\"Normal (Web)\"> 860 m2,<\/span> <span data-ccp-parastyle=\"Normal (Web)\">para estudo e consulta de documentos<\/span><span data-ccp-parastyle=\"Normal (Web)\"> e <\/span><span data-ccp-parastyle=\"Normal (Web)\">no piso 01 <\/span><span data-ccp-parastyle=\"Normal (Web)\">um dep\u00f3sito<\/span> <span data-ccp-parastyle=\"Normal (Web)\">aonde destacamos os seus documentos <\/span><\/span><a href=\"https:\/\/biblioteca.med.up.pt\/reservados\/\" target=\"_blank\" rel=\"noopener\"><span lang=\"PT-PT\" xml:lang=\"PT-PT\" data-contrast=\"auto\"><span data-ccp-parastyle=\"Normal (Web)\">Reservados<\/span><\/span><\/a><span lang=\"PT-PT\" xml:lang=\"PT-PT\" data-contrast=\"none\"><span data-ccp-parastyle=\"Normal (Web)\">. <\/span><\/span><\/span><\/p><p><span style=\"color: #000000;\">Oferece aos seus utilizadores os seguintes servi\u00e7os:<\/span><\/p><p><span style=\"color: #000000;\"><strong>Servi\u00e7o de Leitura<\/strong><\/span><br \/><span style=\"color: #000000;\"><span lang=\"PT-PT\" xml:lang=\"PT-PT\" data-contrast=\"none\"><span data-ccp-parastyle=\"Normal (Web)\">A sala de leitura disp\u00f5e de cerca de 250 lugares sentados para estudo e 12 terminais de computadores. Disp\u00f5e ainda de uma zona de sof\u00e1s para leitura descontra\u00edda e de uma \u00e1rea de exposi\u00e7\u00f5es.<\/span><\/span><span data-ccp-props=\"{&quot;134233117&quot;:false,&quot;134233118&quot;:false,&quot;201341983&quot;:0,&quot;335559738&quot;:0,&quot;335559739&quot;:225,&quot;335559740&quot;:240}\"> <span data-ccp-parastyle=\"Normal (Web)\">Os documentos <\/span><span data-ccp-parastyle=\"Normal (Web)\">na sala de leitura <\/span><span data-ccp-parastyle=\"Normal (Web)\">encontram-se <\/span><span data-ccp-parastyle=\"Normal (Web)\">em livre acesso, <\/span><span data-ccp-parastyle=\"Normal (Web)\">e <\/span><span data-ccp-parastyle=\"Normal (Web)\">est\u00e3o <\/span><span data-ccp-parastyle=\"Normal (Web)\">organizados nas estantes por assunto, de acordo com a Classifica\u00e7\u00e3o da <\/span><em><span data-ccp-parastyle=\"Normal (Web)\">National<\/span> <span data-ccp-parastyle=\"Normal (Web)\">Library<\/span> <span data-ccp-parastyle=\"Normal (Web)\">of<\/span><\/em><span data-ccp-parastyle=\"Normal (Web)\"><em> Medicine<\/em>. Saiba mais sobre este servi\u00e7o <a href=\"https:\/\/biblioteca.med.up.pt\/servico-de-leitura\/\" target=\"_blank\" rel=\"noopener\">AQUI<\/a>.<\/span><\/span><\/span><\/p><p><span style=\"color: #000000;\"><strong>Servi\u00e7o de Aquisi\u00e7\u00f5es<\/strong><\/span><br \/><span lang=\"PT-PT\" style=\"color: #000000;\" xml:lang=\"PT-PT\" data-contrast=\"none\">A Biblioteca rege o seu Servi\u00e7o de Aquisi\u00e7\u00f5es obedecendo aos crit\u00e9rios de desenvolvimento e \u00e0 pol\u00edtica de aquisi\u00e7\u00f5es que podem ser consultados <a href=\"https:\/\/biblioteca.med.up.pt\/servico-de-aquisicoes\/\">AQUI<\/a>.<\/span><\/p><p><span style=\"color: #000000;\"><strong>Servi\u00e7o de Empr\u00e9stimo Domicili\u00e1rio<\/strong><\/span><br \/><span style=\"color: #000000;\">O Servi\u00e7o de Empr\u00e9stimo Domicili\u00e1rio<\/span><span style=\"color: #000000;\"><span lang=\"PT-PT\" xml:lang=\"PT-PT\" data-contrast=\"none\"><span data-ccp-parastyle=\"Normal (Web)\">\u00a0est\u00e1 dispon\u00edvel para a comunidade da FMUP e <\/span><span data-ccp-parastyle=\"Normal (Web)\">a<\/span><\/span><\/span><span lang=\"PT-PT\" xml:lang=\"PT-PT\" data-contrast=\"none\"><span style=\"color: #000000;\"><span data-ccp-parastyle=\"Normal (Web)\">o utilizador <\/span><span data-ccp-parastyle=\"Normal (Web)\">U.Porto<\/span><\/span><span data-ccp-parastyle=\"Normal (Web)\"><span style=\"color: #000000;\"> com as especificidades referidas no regulamento<\/span> <\/span><\/span><a href=\"https:\/\/sigarra.up.pt\/reitoria\/pt\/web_gessi_docs.download_file?p_name=F-1635745161\/regulamento_utilizador_uporto.pdf\" target=\"_blank\" rel=\"noreferrer noopener\"><span lang=\"PT-PT\" xml:lang=\"PT-PT\" data-contrast=\"none\"><span data-ccp-charstyle=\"Hyperlink\">\u201cAcesso a Bibliotecas da <\/span><span data-ccp-charstyle=\"Hyperlink\">U.Porto<\/span><span data-ccp-charstyle=\"Hyperlink\"> \u2013 Utilizador <\/span><span data-ccp-charstyle=\"Hyperlink\">U.Porto<\/span><span data-ccp-charstyle=\"Hyperlink\">\u201d<\/span><span data-ccp-charstyle=\"Hyperlink\">.<\/span><\/span><\/a><span style=\"color: #000000;\" data-ccp-props=\"{&quot;134233117&quot;:false,&quot;134233118&quot;:false,&quot;201341983&quot;:0,&quot;335559738&quot;:0,&quot;335559739&quot;:225,&quot;335559740&quot;:240}\"> Saiba mais sobre este servi\u00e7o <a href=\"https:\/\/biblioteca.med.up.pt\/servico-de-emprestimo-domiciliario\/\">AQUI<\/a>.<\/span><\/p><p><span style=\"color: #000000;\"><b>Servi\u00e7o de Empr\u00e9stimo InterBibliotecas<\/b>\u00a0<\/span><\/p><p><span style=\"color: #000000;\" data-contrast=\"none\">Quando um documento n\u00e3o est\u00e1 dispon\u00edvel na Biblioteca da FMUP \u00e9 poss\u00edvel solicit\u00e1-lo por empr\u00e9stimo interbibliotecas (EIB) a outras bibliotecas da U.Porto ou outras bibliotecas nacionais. \u00c9 um servi\u00e7o gratuito no \u00e2mbito das bibliotecas da U.Porto. O servi\u00e7o para outras bibliotecas nacionais poder\u00e1 ser sujeito a taxas, suportadas pelo utilizador requisitante, de acordo com os seus regulamentos.<\/span><\/p><p><span style=\"color: #000000;\"><strong><span class=\"NormalTextRun SCXW100955441 BCX0\" data-ccp-parastyle=\"Normal (Web)\">Servi\u00e7o de B<\/span><span class=\"NormalTextRun SCXW100955441 BCX0\" data-ccp-parastyle=\"Normal (Web)\">ibliometria<\/span><\/strong><\/span><\/p><p><span style=\"color: #000000;\">Bibliometria s\u00e3o an\u00e1lises estat\u00edsticas de publica\u00e7\u00f5es atrav\u00e9s de indicadores pr\u00f3prios utilizadas para monitorizar a produ\u00e7\u00e3o cient\u00edfica e o impacto de autores e institui\u00e7\u00f5es. Saiba mais sobre este servi\u00e7o <a href=\"https:\/\/biblioteca.med.up.pt\/bibliometria\/\">AQUI<\/a>.<\/span><\/p><p><strong><span style=\"color: #000000;\">Servi\u00e7o de Forma\u00e7\u00e3o<\/span><\/strong><\/p><p><span style=\"color: #000000;\">O Servi\u00e7o de Forma\u00e7\u00e3o caracteriza-se por a\u00e7\u00f5es de forma\u00e7\u00e3o, presenciais ou <em>online<\/em>, sobre tem\u00e1ticas variadas e de acordo com as necessidades detetadas, como pesquisa nas diferentes bases de dados, utiliza\u00e7\u00e3o do software de gest\u00e3o de refer\u00eancias bibliogr\u00e1ficas EndNote, publica\u00e7\u00e3o cient\u00edfica, acesso aberto, bibliometria, identificadores de autoria, etc. Saiba mais sobre este servi\u00e7o <a href=\"https:\/\/biblioteca.med.up.pt\/servico-de-formacao\/\">AQUI<\/a>.<\/span><\/p><p><span style=\"color: #000000;\"><strong>Servi\u00e7o de apoio \u00e0 utiliza\u00e7\u00e3o do EndNote<\/strong><\/span><\/p><p><span style=\"color: #000000;\">Este servi\u00e7o consiste em auxiliar os utilizadores em todas as etapas da utiliza\u00e7\u00e3o do software EndNote. Saiba mais sobre este servi\u00e7o <a href=\"https:\/\/biblioteca.med.up.pt\/servico-de-apoio-a-utilizacao-de-softwares-de-gestao-de-referencias-bibliograficas\/\">AQUI<\/a>.<\/span><\/p><p><span style=\"color: #000000;\"><strong>Servi\u00e7o de Apoio \u00e0 Publica\u00e7\u00e3o Cient\u00edfica<\/strong><\/span><\/p><p><span style=\"color: #000000;\">Solicite o apoio deste servi\u00e7o na escolha de uma revista para publicar. Saiba mais sobre este servi\u00e7o <a href=\"https:\/\/biblioteca.med.up.pt\/servico-de-apoio-a-publicacao-cientifica\/\">AQUI<\/a>.<\/span><\/p><p><strong><span style=\"color: #000000;\">Servi\u00e7o de apoio pesquisa em bases de dados\/revis\u00f5es sistem\u00e1ticas<\/span><\/strong><\/p><p><span style=\"color: #000000;\">As bases de dados s\u00e3o ferramentas de pesquisa poderosas. Utilize-as da melhor forma para obter informa\u00e7\u00f5es cient\u00edficas e acad\u00e9micas sobre seu t\u00f3pico de pesquisa. Saiba mais sobre este servi\u00e7o <a href=\"https:\/\/biblioteca.med.up.pt\/servico-de-apoio-pesquisa-em-bases-de-dados-revisoes-sistematicas\/\">AQUI<\/a>.<\/span><\/p><p><strong><span style=\"color: #000000;\">Servi\u00e7o de Reprodu\u00e7\u00e3o de Documentos<\/span><\/strong><\/p><p><span style=\"color: #000000;\">Este servi\u00e7o consiste em reproduzir c\u00f3pias (fotoc\u00f3pias ou digitaliza\u00e7\u00f5es) de documentos para os utilizadores. Saiba mais sobre este servi\u00e7o <a href=\"https:\/\/biblioteca.med.up.pt\/servico-de-reproducao-de-documentos\/\">AQUI<\/a>.<\/span><\/p><p><strong><span style=\"color: #000000;\">Servi\u00e7o de Difus\u00e3o da Informa\u00e7\u00e3o<\/span><\/strong><\/p><p><span style=\"color: #000000;\">Partilha de informa\u00e7\u00e3o de recursos bibliogr\u00e1ficos, forma\u00e7\u00f5es e outras tem\u00e1ticas de interesse. Saiba mais sobre este servi\u00e7o <a href=\"https:\/\/biblioteca.med.up.pt\/servico-de-difusao-da-informacao\/\">AQUI<\/a>.<\/span><\/p><p><strong><span style=\"color: #000000;\">Servi\u00e7o de Extens\u00e3o Cultural<\/span><\/strong><\/p><p><span style=\"color: #000000;\">O Servi\u00e7o de Extens\u00e3o Cultural consiste na cria\u00e7\u00e3o de rela\u00e7\u00f5es de proximidade com a comunidade acad\u00e9mica e envolvente, com a promo\u00e7\u00e3o de eventos e iniciativas e assim aumentar a integra\u00e7\u00e3o e interven\u00e7\u00e3o ativa da Biblioteca promovendo a sua imagem, o seu esp\u00f3lio e a leitura.\u00a0<\/span><span style=\"color: #000000; background-color: inherit;\">Saiba mais sobre este servi\u00e7o <a href=\"https:\/\/biblioteca.med.up.pt\/servico-de-extensao-cultural\/\">AQUI<\/a>.<\/span><\/p>\t\t\t\t\t<\/div>\n\t\t\t\t\t\t<\/div>\n\t\t\t\t<\/div>\n\t\t\t\t\t\t<\/div>\n\t\t\t\t\t<\/div>\n\t\t<\/div>\n\t\t\t\t\t\t\t\t<\/div>\n\t\t\t\t\t<\/div>\n\t\t<\/section>\n\t\t\t\t<section class=\"elementor-section elementor-top-section elementor-element elementor-element-508a022d elementor-section-content-middle elementor-section-boxed elementor-section-height-default elementor-section-height-default\" data-id=\"508a022d\" data-element_type=\"section\">\n\t\t\t\t\t\t<div class=\"elementor-container elementor-column-gap-default\">\n\t\t\t\t\t\t\t<div class=\"elementor-row\">\n\t\t\t\t\t<div class=\"elementor-column elementor-col-50 elementor-top-column elementor-element elementor-element-7c94acf5\" data-id=\"7c94acf5\" data-element_type=\"column\" data-settings=\"{&quot;background_background&quot;:&quot;classic&quot;}\">\n\t\t\t<div class=\"elementor-column-wrap elementor-element-populated\">\n\t\t\t\t\t\t\t<div class=\"elementor-widget-wrap\">\n\t\t\t\t\t\t<div class=\"elementor-element elementor-element-400bf3d2 elementor-widget elementor-widget-google_maps\" data-id=\"400bf3d2\" data-element_type=\"widget\" data-widget_type=\"google_maps.default\">\n\t\t\t\t<div class=\"elementor-widget-container\">\n\t\t\t\t\t<div class=\"elementor-custom-embed\">\n\t\t\t<iframe frameborder=\"0\" scrolling=\"no\" marginheight=\"0\" marginwidth=\"0\"\n\t\t\t\t\tsrc=\"https:\/\/maps.google.com\/maps?q=biblioteca%20da%20fmup&#038;t=m&#038;z=10&#038;output=embed&#038;iwloc=near\"\n\t\t\t\t\ttitle=\"biblioteca da fmup\"\n\t\t\t\t\taria-label=\"biblioteca da fmup\"\n\t\t\t><\/iframe>\n\t\t<\/div>\n\t\t\t\t<\/div>\n\t\t\t\t<\/div>\n\t\t\t\t\t\t<\/div>\n\t\t\t\t\t<\/div>\n\t\t<\/div>\n\t\t\t\t<div class=\"elementor-column elementor-col-50 elementor-top-column elementor-element elementor-element-8abd3b6\" data-id=\"8abd3b6\" data-element_type=\"column\">\n\t\t\t<div class=\"elementor-column-wrap elementor-element-populated\">\n\t\t\t\t\t\t\t<div class=\"elementor-widget-wrap\">\n\t\t\t\t\t\t<div class=\"elementor-element elementor-element-790a628d elementor-widget elementor-widget-heading\" data-id=\"790a628d\" data-element_type=\"widget\" data-widget_type=\"heading.default\">\n\t\t\t\t<div class=\"elementor-widget-container\">\n\t\t\t<h3 class=\"elementor-heading-title elementor-size-large\">Onde estamos?<\/h3>\t\t<\/div>\n\t\t\t\t<\/div>\n\t\t\t\t<div class=\"elementor-element elementor-element-91cdc20 elementor-widget elementor-widget-heading\" data-id=\"91cdc20\" data-element_type=\"widget\" data-widget_type=\"heading.default\">\n\t\t\t\t<div class=\"elementor-widget-container\">\n\t\t\t<h5 class=\"elementor-heading-title elementor-size-small\">Visite-nos!<\/h5>\t\t<\/div>\n\t\t\t\t<\/div>\n\t\t\t\t\t\t<\/div>\n\t\t\t\t\t<\/div>\n\t\t<\/div>\n\t\t\t\t\t\t\t\t<\/div>\n\t\t\t\t\t<\/div>\n\t\t<\/section>\n\t\t\t\t\t\t\t\t\t<\/div>\n\t\t\t<\/div>\n\t\t\t\t\t<\/div>\n\t\t","protected":false},"excerpt":{"rendered":"<p>OS Nossos servi\u00e7os A Biblioteca tem por miss\u00e3o apoiar o Diretor e Departamentos Acad\u00e9micos da FMUP ao gerir e disponibilizar todo o esp\u00f3lio bibliogr\u00e1fico da FMUP e informa\u00e7\u00e3o de suporte por forma a apoiar as atividades de ensino e investiga\u00e7\u00e3o, <a href=\"https:\/\/biblioteca.med.up.pt\/wordpress\/apresentacao\/\" class=\"read-more\">Ler mais &#8230;<\/a><\/p>\n","protected":false},"author":7,"featured_media":3317,"parent":0,"menu_order":0,"comment_status":"closed","ping_status":"closed","template":"","meta":[],"_links":{"self":[{"href":"https:\/\/biblioteca.med.up.pt\/wordpress\/wp-json\/wp\/v2\/pages\/3254"}],"collection":[{"href":"https:\/\/biblioteca.med.up.pt\/wordpress\/wp-json\/wp\/v2\/pages"}],"about":[{"href":"https:\/\/biblioteca.med.up.pt\/wordpress\/wp-json\/wp\/v2\/types\/page"}],"author":[{"embeddable":true,"href":"https:\/\/biblioteca.med.up.pt\/wordpress\/wp-json\/wp\/v2\/users\/7"}],"replies":[{"embeddable":true,"href":"https:\/\/biblioteca.med.up.pt\/wordpress\/wp-json\/wp\/v2\/comments?post=3254"}],"version-history":[{"count":18,"href":"https:\/\/biblioteca.med.up.pt\/wordpress\/wp-json\/wp\/v2\/pages\/3254\/revisions"}],"predecessor-version":[{"id":21749,"href":"https:\/\/biblioteca.med.up.pt\/wordpress\/wp-json\/wp\/v2\/pages\/3254\/revisions\/21749"}],"wp:featuredmedia":[{"embeddable":true,"href":"https:\/\/biblioteca.med.up.pt\/wordpress\/wp-json\/wp\/v2\/media\/3317"}],"wp:attachment":[{"href":"https:\/\/biblioteca.med.up.pt\/wordpress\/wp-json\/wp\/v2\/media?parent=3254"}],"curies":[{"name":"wp","href":"https:\/\/api.w.org\/{rel}","templated":true}]}}