{"id":279,"date":"2017-03-27T20:52:07","date_gmt":"2017-03-27T20:52:07","guid":{"rendered":"https:\/\/biblioteca.web.med.up.pt\/wordpress\/?page_id=279"},"modified":"2024-10-18T10:38:44","modified_gmt":"2024-10-18T09:38:44","slug":"ligacao","status":"publish","type":"page","link":"https:\/\/biblioteca.med.up.pt\/wordpress\/ligacao\/","title":{"rendered":"Cat\u00e1logo online da Biblioteca da FMUP"},"content":{"rendered":"\t\t<div data-elementor-type=\"wp-page\" data-elementor-id=\"279\" class=\"elementor elementor-279\">\n\t\t\t\t\t\t<div class=\"elementor-inner\">\n\t\t\t\t<div class=\"elementor-section-wrap\">\n\t\t\t\t\t\t\t\t\t<section class=\"elementor-section elementor-top-section elementor-element elementor-element-1af88ff3 elementor-section-boxed elementor-section-height-default elementor-section-height-default\" data-id=\"1af88ff3\" data-element_type=\"section\">\n\t\t\t\t\t\t<div class=\"elementor-container elementor-column-gap-default\">\n\t\t\t\t\t\t\t<div class=\"elementor-row\">\n\t\t\t\t\t<div class=\"elementor-column elementor-col-100 elementor-top-column elementor-element elementor-element-3260079f\" data-id=\"3260079f\" data-element_type=\"column\">\n\t\t\t<div class=\"elementor-column-wrap elementor-element-populated\">\n\t\t\t\t\t\t\t<div class=\"elementor-widget-wrap\">\n\t\t\t\t\t\t<div class=\"elementor-element elementor-element-22c07f67 elementor-widget elementor-widget-text-editor\" data-id=\"22c07f67\" data-element_type=\"widget\" data-widget_type=\"text-editor.default\">\n\t\t\t\t<div class=\"elementor-widget-container\">\n\t\t\t\t\t\t\t\t<div class=\"elementor-text-editor elementor-clearfix\">\n\t\t\t\t<p><span style=\"color: #000000;\">Cat\u00e1logo geral para todos os recursos catalogados, incluindo livros, peri\u00f3dicos, teses, relat\u00f3rios pedag\u00f3gicos.<\/span><br \/><span style=\"color: #000000;\"> Permite saber os documentos que existem em suporte papel na biblioteca (livros, peri\u00f3dicos, teses, relat\u00f3rios pedag\u00f3gicos, entre outros.)<\/span><\/p><p><a href=\"https:\/\/discovery.up.pt\/discovery\/search?vid=351PUCS_INST:UPorto&amp;search_scope=FMUP\" target=\"_blank\" rel=\"noopener\"><img decoding=\"async\" loading=\"lazy\" class=\"alignnone wp-image-2340 size-full\" src=\"https:\/\/biblioteca.med.up.pt\/wp-content\/uploads\/2017\/03\/BUTAO_ACESSO.png\" alt=\"\" width=\"117\" height=\"36\" \/><\/a><\/p>\t\t\t\t\t<\/div>\n\t\t\t\t\t\t<\/div>\n\t\t\t\t<\/div>\n\t\t\t\t\t\t<\/div>\n\t\t\t\t\t<\/div>\n\t\t<\/div>\n\t\t\t\t\t\t\t\t<\/div>\n\t\t\t\t\t<\/div>\n\t\t<\/section>\n\t\t\t\t\t\t\t\t\t<\/div>\n\t\t\t<\/div>\n\t\t\t\t\t<\/div>\n\t\t","protected":false},"excerpt":{"rendered":"<p>Cat\u00e1logo geral para todos os recursos catalogados, incluindo livros, peri\u00f3dicos, teses, relat\u00f3rios pedag\u00f3gicos. Permite saber os documentos que existem em suporte papel na biblioteca (livros, peri\u00f3dicos, teses, relat\u00f3rios pedag\u00f3gicos, entre outros.)<\/p>\n","protected":false},"author":7,"featured_media":22116,"parent":0,"menu_order":0,"comment_status":"closed","ping_status":"closed","template":"","meta":[],"_links":{"self":[{"href":"https:\/\/biblioteca.med.up.pt\/wordpress\/wp-json\/wp\/v2\/pages\/279"}],"collection":[{"href":"https:\/\/biblioteca.med.up.pt\/wordpress\/wp-json\/wp\/v2\/pages"}],"about":[{"href":"https:\/\/biblioteca.med.up.pt\/wordpress\/wp-json\/wp\/v2\/types\/page"}],"author":[{"embeddable":true,"href":"https:\/\/biblioteca.med.up.pt\/wordpress\/wp-json\/wp\/v2\/users\/7"}],"replies":[{"embeddable":true,"href":"https:\/\/biblioteca.med.up.pt\/wordpress\/wp-json\/wp\/v2\/comments?post=279"}],"version-history":[{"count":4,"href":"https:\/\/biblioteca.med.up.pt\/wordpress\/wp-json\/wp\/v2\/pages\/279\/revisions"}],"predecessor-version":[{"id":22124,"href":"https:\/\/biblioteca.med.up.pt\/wordpress\/wp-json\/wp\/v2\/pages\/279\/revisions\/22124"}],"wp:featuredmedia":[{"embeddable":true,"href":"https:\/\/biblioteca.med.up.pt\/wordpress\/wp-json\/wp\/v2\/media\/22116"}],"wp:attachment":[{"href":"https:\/\/biblioteca.med.up.pt\/wordpress\/wp-json\/wp\/v2\/media?parent=279"}],"curies":[{"name":"wp","href":"https:\/\/api.w.org\/{rel}","templated":true}]}}