{"id":275,"date":"2017-03-27T20:48:10","date_gmt":"2017-03-27T20:48:10","guid":{"rendered":"https:\/\/biblioteca.web.med.up.pt\/wordpress\/?page_id=275"},"modified":"2022-07-11T14:16:13","modified_gmt":"2022-07-11T13:16:13","slug":"catalogo","status":"publish","type":"page","link":"https:\/\/biblioteca.med.up.pt\/wordpress\/catalogo\/","title":{"rendered":"Cat\u00e1logo"},"content":{"rendered":"<p><span style=\"color: #000000;\">Cat\u00e1logos. Consulte no menu acima o cat\u00e1logo mais apropriado \u00e0 sua pesquisa. Em caso de d\u00favidas, <a href=\"mailto:biblioteca@med.up.pt\" target=\"_blank\" rel=\"noopener\">contacte-nos<\/a>.<\/span><\/p>\n","protected":false},"excerpt":{"rendered":"<p>Cat\u00e1logos. Consulte no menu acima o cat\u00e1logo mais apropriado \u00e0 sua pesquisa. Em caso de d\u00favidas, contacte-nos.<\/p>\n","protected":false},"author":7,"featured_media":0,"parent":0,"menu_order":0,"comment_status":"closed","ping_status":"closed","template":"","meta":[],"_links":{"self":[{"href":"https:\/\/biblioteca.med.up.pt\/wordpress\/wp-json\/wp\/v2\/pages\/275"}],"collection":[{"href":"https:\/\/biblioteca.med.up.pt\/wordpress\/wp-json\/wp\/v2\/pages"}],"about":[{"href":"https:\/\/biblioteca.med.up.pt\/wordpress\/wp-json\/wp\/v2\/types\/page"}],"author":[{"embeddable":true,"href":"https:\/\/biblioteca.med.up.pt\/wordpress\/wp-json\/wp\/v2\/users\/7"}],"replies":[{"embeddable":true,"href":"https:\/\/biblioteca.med.up.pt\/wordpress\/wp-json\/wp\/v2\/comments?post=275"}],"version-history":[{"count":3,"href":"https:\/\/biblioteca.med.up.pt\/wordpress\/wp-json\/wp\/v2\/pages\/275\/revisions"}],"predecessor-version":[{"id":19704,"href":"https:\/\/biblioteca.med.up.pt\/wordpress\/wp-json\/wp\/v2\/pages\/275\/revisions\/19704"}],"wp:attachment":[{"href":"https:\/\/biblioteca.med.up.pt\/wordpress\/wp-json\/wp\/v2\/media?parent=275"}],"curies":[{"name":"wp","href":"https:\/\/api.w.org\/{rel}","templated":true}]}}