{"id":22230,"date":"2024-12-16T09:15:41","date_gmt":"2024-12-16T09:15:41","guid":{"rendered":"https:\/\/biblioteca.med.up.pt\/?page_id=22230"},"modified":"2025-01-27T10:02:07","modified_gmt":"2025-01-27T10:02:07","slug":"bases-de-dados","status":"publish","type":"page","link":"https:\/\/biblioteca.med.up.pt\/wordpress\/bases-de-dados\/","title":{"rendered":"Bases de Dados"},"content":{"rendered":"\t\t<div data-elementor-type=\"wp-page\" data-elementor-id=\"22230\" class=\"elementor elementor-22230\">\n\t\t\t\t\t\t<div class=\"elementor-inner\">\n\t\t\t\t<div class=\"elementor-section-wrap\">\n\t\t\t\t\t\t\t\t\t<section class=\"elementor-section elementor-top-section elementor-element elementor-element-7713da7 elementor-section-boxed elementor-section-height-default elementor-section-height-default\" data-id=\"7713da7\" data-element_type=\"section\">\n\t\t\t\t\t\t<div class=\"elementor-container elementor-column-gap-default\">\n\t\t\t\t\t\t\t<div class=\"elementor-row\">\n\t\t\t\t\t<div class=\"elementor-column elementor-col-33 elementor-top-column elementor-element elementor-element-66fca33\" data-id=\"66fca33\" data-element_type=\"column\">\n\t\t\t<div class=\"elementor-column-wrap elementor-element-populated\">\n\t\t\t\t\t\t\t<div class=\"elementor-widget-wrap\">\n\t\t\t\t\t\t<div class=\"elementor-element elementor-element-f110152 elementor-widget elementor-widget-image\" data-id=\"f110152\" data-element_type=\"widget\" data-widget_type=\"image.default\">\n\t\t\t\t<div class=\"elementor-widget-container\">\n\t\t\t\t\t\t\t\t<div class=\"elementor-image\">\n\t\t\t\t\t\t\t\t\t\t\t\t\t<a href=\"https:\/\/pubmed.ncbi.nlm.nih.gov\/\" target=\"_blank\">\n\t\t\t\t\t\t\t<img decoding=\"async\" src=\"https:\/\/biblioteca.med.up.pt\/wp-content\/uploads\/2017\/11\/pubmed_logo.png\" title=\"pubmed_logo\" alt=\"pubmed_logo\" \/>\t\t\t\t\t\t\t\t<\/a>\n\t\t\t\t\t\t\t\t\t\t\t\t\t\t<\/div>\n\t\t\t\t\t\t<\/div>\n\t\t\t\t<\/div>\n\t\t\t\t\t\t<\/div>\n\t\t\t\t\t<\/div>\n\t\t<\/div>\n\t\t\t\t<div class=\"elementor-column elementor-col-66 elementor-top-column elementor-element elementor-element-13e4281\" data-id=\"13e4281\" data-element_type=\"column\">\n\t\t\t<div class=\"elementor-column-wrap elementor-element-populated\">\n\t\t\t\t\t\t\t<div class=\"elementor-widget-wrap\">\n\t\t\t\t\t\t<div class=\"elementor-element elementor-element-79eeda4 elementor-widget elementor-widget-text-editor\" data-id=\"79eeda4\" data-element_type=\"widget\" data-widget_type=\"text-editor.default\">\n\t\t\t\t<div class=\"elementor-widget-container\">\n\t\t\t\t\t\t\t\t<div class=\"elementor-text-editor elementor-clearfix\">\n\t\t\t\t<p><span style=\"color: #000000;\"><span class=\"NormalTextRun SCXW27760813 BCX0\">A <\/span><span class=\"NormalTextRun SpellingErrorV2Themed SCXW27760813 BCX0\">PubMed<\/span><span class=\"NormalTextRun SCXW27760813 BCX0\"> \u00e9 uma base de dados de refer\u00eancia gratuita com mais de 35 milh\u00f5es de cita\u00e7\u00f5es de artigos publicados nos campos da biomedicina e sa\u00fade. <a href=\"https:\/\/pubmed.ncbi.nlm.nih.gov\/help\/\" target=\"_blank\" rel=\"noopener\">Aceda ao tutorial aqui<\/a>.<\/span><\/span><span style=\"color: #000000;\"><span class=\"NormalTextRun SCXW27760813 BCX0\"><img decoding=\"async\" loading=\"lazy\" class=\"alignright wp-image-20822\" title=\"Open Access\" src=\"https:\/\/biblioteca.med.up.pt\/wp-content\/uploads\/2023\/07\/OpenAccesssymbol-300x300.png\" alt=\"\" width=\"25\" height=\"25\" srcset=\"https:\/\/biblioteca.med.up.pt\/wp-content\/uploads\/2023\/07\/OpenAccesssymbol-300x300.png 300w, https:\/\/biblioteca.med.up.pt\/wp-content\/uploads\/2023\/07\/OpenAccesssymbol-150x150.png 150w, https:\/\/biblioteca.med.up.pt\/wp-content\/uploads\/2023\/07\/OpenAccesssymbol-270x270.png 270w, https:\/\/biblioteca.med.up.pt\/wp-content\/uploads\/2023\/07\/OpenAccesssymbol-125x125.png 125w, https:\/\/biblioteca.med.up.pt\/wp-content\/uploads\/2023\/07\/OpenAccesssymbol.png 331w\" sizes=\"(max-width: 25px) 100vw, 25px\" \/><\/span><\/span><\/p>\t\t\t\t\t<\/div>\n\t\t\t\t\t\t<\/div>\n\t\t\t\t<\/div>\n\t\t\t\t\t\t<\/div>\n\t\t\t\t\t<\/div>\n\t\t<\/div>\n\t\t\t\t\t\t\t\t<\/div>\n\t\t\t\t\t<\/div>\n\t\t<\/section>\n\t\t\t\t<section class=\"elementor-section elementor-top-section elementor-element elementor-element-7811787 elementor-section-boxed elementor-section-height-default elementor-section-height-default\" data-id=\"7811787\" data-element_type=\"section\">\n\t\t\t\t\t\t<div class=\"elementor-container elementor-column-gap-default\">\n\t\t\t\t\t\t\t<div class=\"elementor-row\">\n\t\t\t\t\t<div class=\"elementor-column elementor-col-33 elementor-top-column elementor-element elementor-element-188a7eb\" data-id=\"188a7eb\" data-element_type=\"column\">\n\t\t\t<div class=\"elementor-column-wrap elementor-element-populated\">\n\t\t\t\t\t\t\t<div class=\"elementor-widget-wrap\">\n\t\t\t\t\t\t<div class=\"elementor-element elementor-element-5571659 elementor-widget elementor-widget-image\" data-id=\"5571659\" data-element_type=\"widget\" data-widget_type=\"image.default\">\n\t\t\t\t<div class=\"elementor-widget-container\">\n\t\t\t\t\t\t\t\t<div class=\"elementor-image\">\n\t\t\t\t\t\t\t\t\t\t\t\t\t<a href=\"https:\/\/www.webofscience.com\/wos\/woscc\/basic-search\" target=\"_blank\">\n\t\t\t\t\t\t\t<img decoding=\"async\" src=\"https:\/\/biblioteca.med.up.pt\/wp-content\/uploads\/2023\/07\/WOS.png\" title=\"WOS\" alt=\"WOS\" \/>\t\t\t\t\t\t\t\t<\/a>\n\t\t\t\t\t\t\t\t\t\t\t\t\t\t<\/div>\n\t\t\t\t\t\t<\/div>\n\t\t\t\t<\/div>\n\t\t\t\t\t\t<\/div>\n\t\t\t\t\t<\/div>\n\t\t<\/div>\n\t\t\t\t<div class=\"elementor-column elementor-col-66 elementor-top-column elementor-element elementor-element-9df0f74\" data-id=\"9df0f74\" data-element_type=\"column\">\n\t\t\t<div class=\"elementor-column-wrap elementor-element-populated\">\n\t\t\t\t\t\t\t<div class=\"elementor-widget-wrap\">\n\t\t\t\t\t\t<div class=\"elementor-element elementor-element-bc04ac0 elementor-widget elementor-widget-text-editor\" data-id=\"bc04ac0\" data-element_type=\"widget\" data-widget_type=\"text-editor.default\">\n\t\t\t\t<div class=\"elementor-widget-container\">\n\t\t\t\t\t\t\t\t<div class=\"elementor-text-editor elementor-clearfix\">\n\t\t\t\t<p><span style=\"color: #000000;\">A Web of Science \u00e9 uma plataforma que permite o acesso integrado a bases de dados referenciais, como a Web of Science Core Collection, a Current Contents Connect, Derwent innovations Index, MEDLINE e SciELO Citation Index, assim como a outros recursos tais como Journal Citation Reports e Essential Science Indicators.<br \/><span class=\"NormalTextRun SCXW27760813 BCX0\"><a href=\"https:\/\/clarivate.com\/academia-government\/training-support\/#wos\" target=\"_blank\" rel=\"noopener\">Aceda ao tutorial aqui<\/a>.\u00a0 \u00a0 \u00a0 \u00a0 \u00a0 \u00a0 \u00a0 \u00a0 \u00a0 \u00a0 \u00a0 \u00a0<\/span>\u00a0 \u00a0 \u00a0 \u00a0 \u00a0 \u00a0 \u00a0 \u00a0 \u00a0 \u00a0 \u00a0 \u00a0 \u00a0 \u00a0 \u00a0 \u00a0 \u00a0 \u00a0 \u00a0 \u00a0 \u00a0 \u00a0 \u00a0 \u00a0 \u00a0 \u00a0 \u00a0 \u00a0 \u00a0 \u00a0 \u00a0<img decoding=\"async\" loading=\"lazy\" title=\"Acesso B-On\" src=\"https:\/\/biblioteca.med.up.pt\/wp-content\/uploads\/2023\/07\/b-on.png\" alt=\"\" width=\"25\" height=\"25\" \/><\/span><\/p>\t\t\t\t\t<\/div>\n\t\t\t\t\t\t<\/div>\n\t\t\t\t<\/div>\n\t\t\t\t\t\t<\/div>\n\t\t\t\t\t<\/div>\n\t\t<\/div>\n\t\t\t\t\t\t\t\t<\/div>\n\t\t\t\t\t<\/div>\n\t\t<\/section>\n\t\t\t\t<section class=\"elementor-section elementor-top-section elementor-element elementor-element-180ee4f elementor-section-boxed elementor-section-height-default elementor-section-height-default\" data-id=\"180ee4f\" data-element_type=\"section\">\n\t\t\t\t\t\t<div class=\"elementor-container elementor-column-gap-default\">\n\t\t\t\t\t\t\t<div class=\"elementor-row\">\n\t\t\t\t\t<div class=\"elementor-column elementor-col-33 elementor-top-column elementor-element elementor-element-e7e8de1\" data-id=\"e7e8de1\" data-element_type=\"column\">\n\t\t\t<div class=\"elementor-column-wrap elementor-element-populated\">\n\t\t\t\t\t\t\t<div class=\"elementor-widget-wrap\">\n\t\t\t\t\t\t<div class=\"elementor-element elementor-element-ec11942 elementor-widget elementor-widget-image\" data-id=\"ec11942\" data-element_type=\"widget\" data-widget_type=\"image.default\">\n\t\t\t\t<div class=\"elementor-widget-container\">\n\t\t\t\t\t\t\t\t<div class=\"elementor-image\">\n\t\t\t\t\t\t\t\t\t\t\t\t\t<a href=\"https:\/\/jcr.clarivate.com\/jcr\/home\" target=\"_blank\">\n\t\t\t\t\t\t\t<img decoding=\"async\" src=\"https:\/\/biblioteca.med.up.pt\/wp-content\/uploads\/2023\/07\/JCR.jpg\" title=\"JCR-2\" alt=\"JCR-2\" \/>\t\t\t\t\t\t\t\t<\/a>\n\t\t\t\t\t\t\t\t\t\t\t\t\t\t<\/div>\n\t\t\t\t\t\t<\/div>\n\t\t\t\t<\/div>\n\t\t\t\t\t\t<\/div>\n\t\t\t\t\t<\/div>\n\t\t<\/div>\n\t\t\t\t<div class=\"elementor-column elementor-col-66 elementor-top-column elementor-element elementor-element-fedad5e\" data-id=\"fedad5e\" data-element_type=\"column\">\n\t\t\t<div class=\"elementor-column-wrap elementor-element-populated\">\n\t\t\t\t\t\t\t<div class=\"elementor-widget-wrap\">\n\t\t\t\t\t\t<div class=\"elementor-element elementor-element-7a447cd elementor-widget elementor-widget-text-editor\" data-id=\"7a447cd\" data-element_type=\"widget\" data-widget_type=\"text-editor.default\">\n\t\t\t\t<div class=\"elementor-widget-container\">\n\t\t\t\t\t\t\t\t<div class=\"elementor-text-editor elementor-clearfix\">\n\t\t\t\t<p><span style=\"color: #000000;\"><span class=\"NormalTextRun SCXW161088918 BCX0\">O JCR \u00e9 um relat\u00f3rio anual sobre o impacto das cita\u00e7\u00f5es de um conjunto definido de peri\u00f3dicos em um determinado momento.<br \/><\/span><a href=\"https:\/\/clarivate.com\/academia-government\/training-support\/journal-citation-reports\/\" target=\"_blank\" rel=\"noopener\">Aceda ao tutorial aqui<\/a>.\u00a0 \u00a0 \u00a0 \u00a0 \u00a0 \u00a0 \u00a0 \u00a0 \u00a0 \u00a0 \u00a0 \u00a0 \u00a0 \u00a0 \u00a0 \u00a0 \u00a0 \u00a0 \u00a0 \u00a0 \u00a0 \u00a0 \u00a0 \u00a0 \u00a0 \u00a0 \u00a0 \u00a0 \u00a0 \u00a0 \u00a0 \u00a0 \u00a0 \u00a0 \u00a0 \u00a0 \u00a0 \u00a0 \u00a0 \u00a0 \u00a0 \u00a0<img decoding=\"async\" loading=\"lazy\" title=\"Acesso B-On\" src=\"https:\/\/biblioteca.med.up.pt\/wp-content\/uploads\/2023\/07\/b-on.png\" alt=\"\" width=\"25\" height=\"25\" \/><\/span><\/p>\t\t\t\t\t<\/div>\n\t\t\t\t\t\t<\/div>\n\t\t\t\t<\/div>\n\t\t\t\t\t\t<\/div>\n\t\t\t\t\t<\/div>\n\t\t<\/div>\n\t\t\t\t\t\t\t\t<\/div>\n\t\t\t\t\t<\/div>\n\t\t<\/section>\n\t\t\t\t<section class=\"elementor-section elementor-top-section elementor-element elementor-element-98f81c2 elementor-section-boxed elementor-section-height-default elementor-section-height-default\" data-id=\"98f81c2\" data-element_type=\"section\">\n\t\t\t\t\t\t<div class=\"elementor-container elementor-column-gap-default\">\n\t\t\t\t\t\t\t<div class=\"elementor-row\">\n\t\t\t\t\t<div class=\"elementor-column elementor-col-33 elementor-top-column elementor-element elementor-element-74e6b7d\" data-id=\"74e6b7d\" data-element_type=\"column\">\n\t\t\t<div class=\"elementor-column-wrap elementor-element-populated\">\n\t\t\t\t\t\t\t<div class=\"elementor-widget-wrap\">\n\t\t\t\t\t\t<div class=\"elementor-element elementor-element-56eac97 elementor-widget elementor-widget-image\" data-id=\"56eac97\" data-element_type=\"widget\" data-widget_type=\"image.default\">\n\t\t\t\t<div class=\"elementor-widget-container\">\n\t\t\t\t\t\t\t\t<div class=\"elementor-image\">\n\t\t\t\t\t\t\t\t\t\t\t\t\t<a href=\"https:\/\/www.scopus.com\/search\/form.uri?display=basic#basic\" target=\"_blank\">\n\t\t\t\t\t\t\t<img decoding=\"async\" src=\"https:\/\/biblioteca.med.up.pt\/wp-content\/uploads\/2023\/07\/Elsevier-scopus.png\" title=\"\" alt=\"\" \/>\t\t\t\t\t\t\t\t<\/a>\n\t\t\t\t\t\t\t\t\t\t\t\t\t\t<\/div>\n\t\t\t\t\t\t<\/div>\n\t\t\t\t<\/div>\n\t\t\t\t\t\t<\/div>\n\t\t\t\t\t<\/div>\n\t\t<\/div>\n\t\t\t\t<div class=\"elementor-column elementor-col-66 elementor-top-column elementor-element elementor-element-8b92ef5\" data-id=\"8b92ef5\" data-element_type=\"column\">\n\t\t\t<div class=\"elementor-column-wrap elementor-element-populated\">\n\t\t\t\t\t\t\t<div class=\"elementor-widget-wrap\">\n\t\t\t\t\t\t<div class=\"elementor-element elementor-element-4ed86f2 elementor-widget elementor-widget-text-editor\" data-id=\"4ed86f2\" data-element_type=\"widget\" data-widget_type=\"text-editor.default\">\n\t\t\t\t<div class=\"elementor-widget-container\">\n\t\t\t\t\t\t\t\t<div class=\"elementor-text-editor elementor-clearfix\">\n\t\t\t\t<p><span style=\"color: #000000;\"><span class=\"TextRun SCXW110330486 BCX0\" lang=\"EN-US\" xml:lang=\"EN-US\" data-contrast=\"auto\"><span class=\"NormalTextRun SCXW110330486 BCX0\">A Scopus \u00e9 <\/span><span class=\"NormalTextRun SpellingErrorV2Themed SCXW110330486 BCX0\">uma<\/span><span class=\"NormalTextRun SCXW110330486 BCX0\"> base de dados de refer\u00eancia <\/span><span class=\"NormalTextRun SpellingErrorV2Themed SCXW110330486 BCX0\">bibliogr\u00e1fica<\/span><span class=\"NormalTextRun SCXW110330486 BCX0\">, <\/span><span class=\"NormalTextRun SpellingErrorV2Themed SCXW110330486 BCX0\">produzida<\/span><span class=\"NormalTextRun SCXW110330486 BCX0\"> pela <\/span><span class=\"NormalTextRun SCXW110330486 BCX0\">Elsevier. <\/span><span class=\"NormalTextRun SpellingErrorV2Themed SCXW110330486 BCX0\">Indexa<\/span> <span class=\"NormalTextRun SpellingErrorV2Themed SCXW110330486 BCX0\">cerca<\/span><span class=\"NormalTextRun SCXW110330486 BCX0\"> de 25.800 <\/span><span class=\"NormalTextRun SpellingErrorV2Themed SCXW110330486 BCX0\">revistas<\/span><span class=\"NormalTextRun SCXW110330486 BCX0\"> com peer-review (<\/span><span class=\"NormalTextRun SpellingErrorV2Themed SCXW110330486 BCX0\">inclui<\/span><span class=\"NormalTextRun SCXW110330486 BCX0\"> 5.300 em Open <\/span><span class=\"NormalTextRun SpellingErrorV2Themed SCXW110330486 BCX0\">Acess<\/span><span class=\"NormalTextRun SCXW110330486 BCX0\">).<\/span><\/span><\/span><\/p><p><span style=\"color: #000000;\"><span class=\"TextRun SCXW110330486 BCX0\" lang=\"EN-US\" xml:lang=\"EN-US\" data-contrast=\"auto\"><span class=\"NormalTextRun SCXW110330486 BCX0\"><a href=\"https:\/\/service.elsevier.com\/app\/answers\/detail\/a_id\/34325\/\" target=\"_blank\" rel=\"noopener\">Aceda ao tutorial aqui<\/a>.<br \/><\/span><\/span><span class=\"EOP SCXW110330486 BCX0\" data-ccp-props=\"{&quot;201341983&quot;:0,&quot;335559739&quot;:160,&quot;335559740&quot;:259}\"> <img decoding=\"async\" loading=\"lazy\" class=\"alignright wp-image-20826\" title=\"Acesso U.Porto\" src=\"https:\/\/biblioteca.med.up.pt\/wp-content\/uploads\/2023\/07\/UPORTO_positivo_fundoopaco.jpg\" alt=\"\" width=\"24\" height=\"21\" \/><\/span><\/span><\/p>\t\t\t\t\t<\/div>\n\t\t\t\t\t\t<\/div>\n\t\t\t\t<\/div>\n\t\t\t\t\t\t<\/div>\n\t\t\t\t\t<\/div>\n\t\t<\/div>\n\t\t\t\t\t\t\t\t<\/div>\n\t\t\t\t\t<\/div>\n\t\t<\/section>\n\t\t\t\t<section class=\"elementor-section elementor-top-section elementor-element elementor-element-218a369 elementor-section-boxed elementor-section-height-default elementor-section-height-default\" data-id=\"218a369\" data-element_type=\"section\">\n\t\t\t\t\t\t<div class=\"elementor-container elementor-column-gap-default\">\n\t\t\t\t\t\t\t<div class=\"elementor-row\">\n\t\t\t\t\t<div class=\"elementor-column elementor-col-33 elementor-top-column elementor-element elementor-element-99cdeeb\" data-id=\"99cdeeb\" data-element_type=\"column\">\n\t\t\t<div class=\"elementor-column-wrap elementor-element-populated\">\n\t\t\t\t\t\t\t<div class=\"elementor-widget-wrap\">\n\t\t\t\t\t\t<div class=\"elementor-element elementor-element-f07db69 elementor-widget elementor-widget-image\" data-id=\"f07db69\" data-element_type=\"widget\" data-widget_type=\"image.default\">\n\t\t\t\t<div class=\"elementor-widget-container\">\n\t\t\t\t\t\t\t\t<div class=\"elementor-image\">\n\t\t\t\t\t\t\t\t\t\t\t\t\t<a href=\"https:\/\/research.ebsco.com\/c\/di5zp6\/search?defaultdb=psyh\" target=\"_blank\">\n\t\t\t\t\t\t\t<img decoding=\"async\" src=\"https:\/\/biblioteca.med.up.pt\/wp-content\/uploads\/2023\/07\/psychinfo-logo.png\" title=\"psychinfo-logo\" alt=\"psychinfo-logo\" \/>\t\t\t\t\t\t\t\t<\/a>\n\t\t\t\t\t\t\t\t\t\t\t\t\t\t<\/div>\n\t\t\t\t\t\t<\/div>\n\t\t\t\t<\/div>\n\t\t\t\t\t\t<\/div>\n\t\t\t\t\t<\/div>\n\t\t<\/div>\n\t\t\t\t<div class=\"elementor-column elementor-col-66 elementor-top-column elementor-element elementor-element-941fddf\" data-id=\"941fddf\" data-element_type=\"column\">\n\t\t\t<div class=\"elementor-column-wrap elementor-element-populated\">\n\t\t\t\t\t\t\t<div class=\"elementor-widget-wrap\">\n\t\t\t\t\t\t<div class=\"elementor-element elementor-element-24f87e8 elementor-widget elementor-widget-text-editor\" data-id=\"24f87e8\" data-element_type=\"widget\" data-widget_type=\"text-editor.default\">\n\t\t\t\t<div class=\"elementor-widget-container\">\n\t\t\t\t\t\t\t\t<div class=\"elementor-text-editor elementor-clearfix\">\n\t\t\t\t<p><span style=\"color: #000000;\"><span class=\"NormalTextRun SCXW161088918 BCX0\">Base de dados refer\u00eancia da <\/span><span class=\"NormalTextRun SpellingErrorV2Themed SCXW161088918 BCX0\">American<\/span> <span class=\"NormalTextRun SpellingErrorV2Themed SCXW161088918 BCX0\">Psychological<\/span> <span class=\"NormalTextRun SpellingErrorV2Themed SCXW161088918 BCX0\">Association<\/span><span class=\"NormalTextRun SCXW161088918 BCX0\"> (APA).<br \/><\/span><a href=\"https:\/\/support.ebsco.com\/help\/?int=ehost&amp;lang=en&amp;feature_id=&amp;TOC_ID=Always&amp;SI=0&amp;BU=0&amp;GU=1&amp;PS=0&amp;ver=&amp;dbs=psyh\" target=\"_blank\" rel=\"noopener\">Aceda ao tutorial aqui<\/a>.<br \/><span class=\"EOP SCXW110330486 BCX0\" data-ccp-props=\"{&quot;201341983&quot;:0,&quot;335559739&quot;:160,&quot;335559740&quot;:259}\"><img decoding=\"async\" loading=\"lazy\" class=\"alignright wp-image-20826\" title=\"Acesso U.Porto\" src=\"https:\/\/biblioteca.med.up.pt\/wp-content\/uploads\/2023\/07\/UPORTO_positivo_fundoopaco.jpg\" alt=\"\" width=\"25\" height=\"22\" \/><\/span><\/span><\/p>\t\t\t\t\t<\/div>\n\t\t\t\t\t\t<\/div>\n\t\t\t\t<\/div>\n\t\t\t\t\t\t<\/div>\n\t\t\t\t\t<\/div>\n\t\t<\/div>\n\t\t\t\t\t\t\t\t<\/div>\n\t\t\t\t\t<\/div>\n\t\t<\/section>\n\t\t\t\t\t\t\t\t\t<\/div>\n\t\t\t<\/div>\n\t\t\t\t\t<\/div>\n\t\t","protected":false},"excerpt":{"rendered":"<p>A PubMed \u00e9 uma base de dados de refer\u00eancia gratuita com mais de 35 milh\u00f5es de cita\u00e7\u00f5es de artigos publicados nos campos da biomedicina e sa\u00fade. Aceda ao tutorial aqui. A Web of Science \u00e9 uma plataforma que permite o <a href=\"https:\/\/biblioteca.med.up.pt\/wordpress\/bases-de-dados\/\" class=\"read-more\">Ler mais &#8230;<\/a><\/p>\n","protected":false},"author":7,"featured_media":0,"parent":0,"menu_order":0,"comment_status":"closed","ping_status":"closed","template":"","meta":[],"_links":{"self":[{"href":"https:\/\/biblioteca.med.up.pt\/wordpress\/wp-json\/wp\/v2\/pages\/22230"}],"collection":[{"href":"https:\/\/biblioteca.med.up.pt\/wordpress\/wp-json\/wp\/v2\/pages"}],"about":[{"href":"https:\/\/biblioteca.med.up.pt\/wordpress\/wp-json\/wp\/v2\/types\/page"}],"author":[{"embeddable":true,"href":"https:\/\/biblioteca.med.up.pt\/wordpress\/wp-json\/wp\/v2\/users\/7"}],"replies":[{"embeddable":true,"href":"https:\/\/biblioteca.med.up.pt\/wordpress\/wp-json\/wp\/v2\/comments?post=22230"}],"version-history":[{"count":19,"href":"https:\/\/biblioteca.med.up.pt\/wordpress\/wp-json\/wp\/v2\/pages\/22230\/revisions"}],"predecessor-version":[{"id":22385,"href":"https:\/\/biblioteca.med.up.pt\/wordpress\/wp-json\/wp\/v2\/pages\/22230\/revisions\/22385"}],"wp:attachment":[{"href":"https:\/\/biblioteca.med.up.pt\/wordpress\/wp-json\/wp\/v2\/media?parent=22230"}],"curies":[{"name":"wp","href":"https:\/\/api.w.org\/{rel}","templated":true}]}}