{"id":20611,"date":"2023-05-11T15:30:47","date_gmt":"2023-05-11T14:30:47","guid":{"rendered":"https:\/\/biblioteca.med.up.pt\/?page_id=20611"},"modified":"2023-06-12T12:52:54","modified_gmt":"2023-06-12T11:52:54","slug":"servico-de-apoio-a-publicacao-cientifica","status":"publish","type":"page","link":"https:\/\/biblioteca.med.up.pt\/wordpress\/servico-de-apoio-a-publicacao-cientifica\/","title":{"rendered":""},"content":{"rendered":"\t\t<div data-elementor-type=\"wp-page\" data-elementor-id=\"20611\" class=\"elementor elementor-20611\">\n\t\t\t\t\t\t<div class=\"elementor-inner\">\n\t\t\t\t<div class=\"elementor-section-wrap\">\n\t\t\t\t\t\t\t\t\t<section class=\"elementor-section elementor-top-section elementor-element elementor-element-ed645b9 elementor-section-boxed elementor-section-height-default elementor-section-height-default\" data-id=\"ed645b9\" data-element_type=\"section\" data-settings=\"{&quot;background_background&quot;:&quot;classic&quot;}\">\n\t\t\t\t\t\t<div class=\"elementor-container elementor-column-gap-default\">\n\t\t\t\t\t\t\t<div class=\"elementor-row\">\n\t\t\t\t\t<div class=\"elementor-column elementor-col-100 elementor-top-column elementor-element elementor-element-63b5c6d2\" data-id=\"63b5c6d2\" data-element_type=\"column\" data-settings=\"{&quot;background_background&quot;:&quot;classic&quot;}\">\n\t\t\t<div class=\"elementor-column-wrap elementor-element-populated\">\n\t\t\t\t\t\t\t<div class=\"elementor-widget-wrap\">\n\t\t\t\t\t\t<section class=\"elementor-section elementor-inner-section elementor-element elementor-element-1448f049 elementor-section-boxed elementor-section-height-default elementor-section-height-default\" data-id=\"1448f049\" data-element_type=\"section\">\n\t\t\t\t\t\t<div class=\"elementor-container elementor-column-gap-default\">\n\t\t\t\t\t\t\t<div class=\"elementor-row\">\n\t\t\t\t\t<div class=\"elementor-column elementor-col-33 elementor-inner-column elementor-element elementor-element-1c08745a\" data-id=\"1c08745a\" data-element_type=\"column\">\n\t\t\t<div class=\"elementor-column-wrap elementor-element-populated\">\n\t\t\t\t\t\t\t<div class=\"elementor-widget-wrap\">\n\t\t\t\t\t\t<div class=\"elementor-element elementor-element-37667c8c elementor-widget-divider--view-line elementor-widget elementor-widget-divider\" data-id=\"37667c8c\" data-element_type=\"widget\" data-widget_type=\"divider.default\">\n\t\t\t\t<div class=\"elementor-widget-container\">\n\t\t\t\t\t<div class=\"elementor-divider\">\n\t\t\t<span class=\"elementor-divider-separator\">\n\t\t\t\t\t\t<\/span>\n\t\t<\/div>\n\t\t\t\t<\/div>\n\t\t\t\t<\/div>\n\t\t\t\t\t\t<\/div>\n\t\t\t\t\t<\/div>\n\t\t<\/div>\n\t\t\t\t<div class=\"elementor-column elementor-col-33 elementor-inner-column elementor-element elementor-element-553d084\" data-id=\"553d084\" data-element_type=\"column\">\n\t\t\t<div class=\"elementor-column-wrap elementor-element-populated\">\n\t\t\t\t\t\t\t<div class=\"elementor-widget-wrap\">\n\t\t\t\t\t\t<div class=\"elementor-element elementor-element-73b2ab75 elementor-widget elementor-widget-heading\" data-id=\"73b2ab75\" data-element_type=\"widget\" data-widget_type=\"heading.default\">\n\t\t\t\t<div class=\"elementor-widget-container\">\n\t\t\t<h3 class=\"elementor-heading-title elementor-size-default\">Servi\u00e7os<\/h3>\t\t<\/div>\n\t\t\t\t<\/div>\n\t\t\t\t\t\t<\/div>\n\t\t\t\t\t<\/div>\n\t\t<\/div>\n\t\t\t\t<div class=\"elementor-column elementor-col-33 elementor-inner-column elementor-element elementor-element-33582a06\" data-id=\"33582a06\" data-element_type=\"column\">\n\t\t\t<div class=\"elementor-column-wrap elementor-element-populated\">\n\t\t\t\t\t\t\t<div class=\"elementor-widget-wrap\">\n\t\t\t\t\t\t<div class=\"elementor-element elementor-element-61749aee elementor-widget-divider--view-line elementor-widget elementor-widget-divider\" data-id=\"61749aee\" data-element_type=\"widget\" data-widget_type=\"divider.default\">\n\t\t\t\t<div class=\"elementor-widget-container\">\n\t\t\t\t\t<div class=\"elementor-divider\">\n\t\t\t<span class=\"elementor-divider-separator\">\n\t\t\t\t\t\t<\/span>\n\t\t<\/div>\n\t\t\t\t<\/div>\n\t\t\t\t<\/div>\n\t\t\t\t\t\t<\/div>\n\t\t\t\t\t<\/div>\n\t\t<\/div>\n\t\t\t\t\t\t\t\t<\/div>\n\t\t\t\t\t<\/div>\n\t\t<\/section>\n\t\t\t\t<div class=\"elementor-element elementor-element-4938e3e0 elementor-widget elementor-widget-heading\" data-id=\"4938e3e0\" data-element_type=\"widget\" data-widget_type=\"heading.default\">\n\t\t\t\t<div class=\"elementor-widget-container\">\n\t\t\t<h2 class=\"elementor-heading-title elementor-size-default\">Servi\u00e7o de apoio \u00e0 publica\u00e7\u00e3o cient\u00edfica<\/h2>\t\t<\/div>\n\t\t\t\t<\/div>\n\t\t\t\t<div class=\"elementor-element elementor-element-3a1068df elementor-widget elementor-widget-text-editor\" data-id=\"3a1068df\" data-element_type=\"widget\" data-widget_type=\"text-editor.default\">\n\t\t\t\t<div class=\"elementor-widget-container\">\n\t\t\t\t\t\t\t\t<div class=\"elementor-text-editor elementor-clearfix\">\n\t\t\t\t<p><span style=\"color: #000000;\">Este servi\u00e7o tem as seguintes val\u00eancias:<\/span><\/p>\n<ul>\n<li><span style=\"color: #000000;\">Apoio sele\u00e7\u00e3o revista para publica\u00e7\u00e3o de artigo;<\/span><\/li>\n<li><span style=\"color: #000000;\">Apoio publica\u00e7\u00e3o em acesso aberto;<\/span><\/li>\n<li><span style=\"color: #000000;\">Apoio cumprimento requisitos <a href=\"https:\/\/www.coalition-s.org\/\" target=\"_blank\" rel=\"noopener\">plano S<\/a>.<\/span><\/li>\n<\/ul>\t\t\t\t\t<\/div>\n\t\t\t\t\t\t<\/div>\n\t\t\t\t<\/div>\n\t\t\t\t<div class=\"elementor-element elementor-element-637112ad elementor-widget-divider--view-line elementor-widget elementor-widget-divider\" data-id=\"637112ad\" data-element_type=\"widget\" data-widget_type=\"divider.default\">\n\t\t\t\t<div class=\"elementor-widget-container\">\n\t\t\t\t\t<div class=\"elementor-divider\">\n\t\t\t<span class=\"elementor-divider-separator\">\n\t\t\t\t\t\t<\/span>\n\t\t<\/div>\n\t\t\t\t<\/div>\n\t\t\t\t<\/div>\n\t\t\t\t\t\t<\/div>\n\t\t\t\t\t<\/div>\n\t\t<\/div>\n\t\t\t\t\t\t\t\t<\/div>\n\t\t\t\t\t<\/div>\n\t\t<\/section>\n\t\t\t\t\t\t\t\t\t<\/div>\n\t\t\t<\/div>\n\t\t\t\t\t<\/div>\n\t\t","protected":false},"excerpt":{"rendered":"<p>Servi\u00e7os Servi\u00e7o de apoio \u00e0 publica\u00e7\u00e3o cient\u00edfica Este servi\u00e7o tem as seguintes val\u00eancias: Apoio sele\u00e7\u00e3o revista para publica\u00e7\u00e3o de artigo; Apoio publica\u00e7\u00e3o em acesso aberto; Apoio cumprimento requisitos plano S.<\/p>\n","protected":false},"author":7,"featured_media":0,"parent":0,"menu_order":0,"comment_status":"closed","ping_status":"closed","template":"","meta":[],"_links":{"self":[{"href":"https:\/\/biblioteca.med.up.pt\/wordpress\/wp-json\/wp\/v2\/pages\/20611"}],"collection":[{"href":"https:\/\/biblioteca.med.up.pt\/wordpress\/wp-json\/wp\/v2\/pages"}],"about":[{"href":"https:\/\/biblioteca.med.up.pt\/wordpress\/wp-json\/wp\/v2\/types\/page"}],"author":[{"embeddable":true,"href":"https:\/\/biblioteca.med.up.pt\/wordpress\/wp-json\/wp\/v2\/users\/7"}],"replies":[{"embeddable":true,"href":"https:\/\/biblioteca.med.up.pt\/wordpress\/wp-json\/wp\/v2\/comments?post=20611"}],"version-history":[{"count":7,"href":"https:\/\/biblioteca.med.up.pt\/wordpress\/wp-json\/wp\/v2\/pages\/20611\/revisions"}],"predecessor-version":[{"id":20752,"href":"https:\/\/biblioteca.med.up.pt\/wordpress\/wp-json\/wp\/v2\/pages\/20611\/revisions\/20752"}],"wp:attachment":[{"href":"https:\/\/biblioteca.med.up.pt\/wordpress\/wp-json\/wp\/v2\/media?parent=20611"}],"curies":[{"name":"wp","href":"https:\/\/api.w.org\/{rel}","templated":true}]}}