{"id":20588,"date":"2023-05-11T15:13:26","date_gmt":"2023-05-11T14:13:26","guid":{"rendered":"https:\/\/biblioteca.med.up.pt\/?page_id=20588"},"modified":"2026-03-27T15:15:53","modified_gmt":"2026-03-27T15:15:53","slug":"servico-de-formacao","status":"publish","type":"page","link":"https:\/\/biblioteca.med.up.pt\/wordpress\/servico-de-formacao\/","title":{"rendered":""},"content":{"rendered":"\t\t<div data-elementor-type=\"wp-page\" data-elementor-id=\"20588\" class=\"elementor elementor-20588\">\n\t\t\t\t\t\t<div class=\"elementor-inner\">\n\t\t\t\t<div class=\"elementor-section-wrap\">\n\t\t\t\t\t\t\t\t\t<section class=\"elementor-section elementor-top-section elementor-element elementor-element-ed645b9 elementor-section-boxed elementor-section-height-default elementor-section-height-default\" data-id=\"ed645b9\" data-element_type=\"section\" data-settings=\"{&quot;background_background&quot;:&quot;classic&quot;}\">\n\t\t\t\t\t\t<div class=\"elementor-container elementor-column-gap-default\">\n\t\t\t\t\t\t\t<div class=\"elementor-row\">\n\t\t\t\t\t<div class=\"elementor-column elementor-col-100 elementor-top-column elementor-element elementor-element-63b5c6d2\" data-id=\"63b5c6d2\" data-element_type=\"column\" data-settings=\"{&quot;background_background&quot;:&quot;classic&quot;}\">\n\t\t\t<div class=\"elementor-column-wrap elementor-element-populated\">\n\t\t\t\t\t\t\t<div class=\"elementor-widget-wrap\">\n\t\t\t\t\t\t<section class=\"elementor-section elementor-inner-section elementor-element elementor-element-1448f049 elementor-section-boxed elementor-section-height-default elementor-section-height-default\" data-id=\"1448f049\" data-element_type=\"section\">\n\t\t\t\t\t\t<div class=\"elementor-container elementor-column-gap-default\">\n\t\t\t\t\t\t\t<div class=\"elementor-row\">\n\t\t\t\t\t<div class=\"elementor-column elementor-col-33 elementor-inner-column elementor-element elementor-element-1c08745a\" data-id=\"1c08745a\" data-element_type=\"column\">\n\t\t\t<div class=\"elementor-column-wrap elementor-element-populated\">\n\t\t\t\t\t\t\t<div class=\"elementor-widget-wrap\">\n\t\t\t\t\t\t<div class=\"elementor-element elementor-element-37667c8c elementor-widget-divider--view-line elementor-widget elementor-widget-divider\" data-id=\"37667c8c\" data-element_type=\"widget\" data-widget_type=\"divider.default\">\n\t\t\t\t<div class=\"elementor-widget-container\">\n\t\t\t\t\t<div class=\"elementor-divider\">\n\t\t\t<span class=\"elementor-divider-separator\">\n\t\t\t\t\t\t<\/span>\n\t\t<\/div>\n\t\t\t\t<\/div>\n\t\t\t\t<\/div>\n\t\t\t\t\t\t<\/div>\n\t\t\t\t\t<\/div>\n\t\t<\/div>\n\t\t\t\t<div class=\"elementor-column elementor-col-33 elementor-inner-column elementor-element elementor-element-553d084\" data-id=\"553d084\" data-element_type=\"column\">\n\t\t\t<div class=\"elementor-column-wrap elementor-element-populated\">\n\t\t\t\t\t\t\t<div class=\"elementor-widget-wrap\">\n\t\t\t\t\t\t<div class=\"elementor-element elementor-element-73b2ab75 elementor-widget elementor-widget-heading\" data-id=\"73b2ab75\" data-element_type=\"widget\" data-widget_type=\"heading.default\">\n\t\t\t\t<div class=\"elementor-widget-container\">\n\t\t\t<h3 class=\"elementor-heading-title elementor-size-default\">Servi\u00e7os<\/h3>\t\t<\/div>\n\t\t\t\t<\/div>\n\t\t\t\t\t\t<\/div>\n\t\t\t\t\t<\/div>\n\t\t<\/div>\n\t\t\t\t<div class=\"elementor-column elementor-col-33 elementor-inner-column elementor-element elementor-element-33582a06\" data-id=\"33582a06\" data-element_type=\"column\">\n\t\t\t<div class=\"elementor-column-wrap elementor-element-populated\">\n\t\t\t\t\t\t\t<div class=\"elementor-widget-wrap\">\n\t\t\t\t\t\t<div class=\"elementor-element elementor-element-61749aee elementor-widget-divider--view-line elementor-widget elementor-widget-divider\" data-id=\"61749aee\" data-element_type=\"widget\" data-widget_type=\"divider.default\">\n\t\t\t\t<div class=\"elementor-widget-container\">\n\t\t\t\t\t<div class=\"elementor-divider\">\n\t\t\t<span class=\"elementor-divider-separator\">\n\t\t\t\t\t\t<\/span>\n\t\t<\/div>\n\t\t\t\t<\/div>\n\t\t\t\t<\/div>\n\t\t\t\t\t\t<\/div>\n\t\t\t\t\t<\/div>\n\t\t<\/div>\n\t\t\t\t\t\t\t\t<\/div>\n\t\t\t\t\t<\/div>\n\t\t<\/section>\n\t\t\t\t<div class=\"elementor-element elementor-element-4938e3e0 elementor-widget elementor-widget-heading\" data-id=\"4938e3e0\" data-element_type=\"widget\" data-widget_type=\"heading.default\">\n\t\t\t\t<div class=\"elementor-widget-container\">\n\t\t\t<h2 class=\"elementor-heading-title elementor-size-default\">servi\u00e7o de forma\u00e7\u00e3o<\/h2>\t\t<\/div>\n\t\t\t\t<\/div>\n\t\t\t\t<div class=\"elementor-element elementor-element-3a1068df elementor-widget elementor-widget-text-editor\" data-id=\"3a1068df\" data-element_type=\"widget\" data-widget_type=\"text-editor.default\">\n\t\t\t\t<div class=\"elementor-widget-container\">\n\t\t\t\t\t\t\t\t<div class=\"elementor-text-editor elementor-clearfix\">\n\t\t\t\t<p><span style=\"color: #000000;\">Este servi\u00e7o tem as seguintes val\u00eancias:<\/span><\/p><p><span style=\"color: #000000;\">Forma\u00e7\u00e3o quer presencial, quer <em>online<\/em> sobre tem\u00e1ticas variadas e de acordo com as necessidades detetadas, como pesquisa nas diferentes bases de dados, utiliza\u00e7\u00e3o do software de gest\u00e3o de refer\u00eancias bibliogr\u00e1ficas EndNote, publica\u00e7\u00e3o cient\u00edfica, acesso aberto, bibliometria, identificadores de autoria, etc.;\u00a0<\/span><\/p><p><span style=\"color: #000000;\">Produ\u00e7\u00e3o de materiais de autoforma\u00e7\u00e3o.<\/span><\/p><p><strong><span style=\"color: #000000;\">Forma\u00e7\u00e3o em curso:<\/span><\/strong><\/p><p><a href=\"https:\/\/mkt.up.pt\/fmup\/email\/view\/69c678c52f454483812860\" target=\"_blank\" rel=\"noopener\"><span style=\"color: #000000;\">2\u00ba semestre 2025\/26<\/span><\/a><\/p><p><span style=\"color: #000000;\"><strong>Forma\u00e7\u00f5es passadas:<\/strong><\/span><\/p><p><a href=\"https:\/\/mkt.up.pt\/fmup\/email\/view\/68de53d8cbc44558402338\" target=\"_blank\" rel=\"noopener\"><span style=\"color: #000000;\">1\u00ba semestre 2025\/26<\/span><\/a><\/p><p><a href=\"https:\/\/biblioteca.med.up.pt\/ciclo-de-formacao-destinada-a-estudantes-de-doutoramento-e-investigadores\/\" target=\"_blank\" rel=\"noopener\"><span style=\"color: #000000;\">Ciclo de forma\u00e7\u00e3o destinada a estudantes de doutoramento e investigadores<\/span><\/a><\/p><p><span style=\"color: #000000;\">2<\/span><a style=\"background-color: #ffffff; font-size: 16px;\" href=\"https:\/\/mkt.up.pt\/fmup\/email\/view\/67efddd340cae395275207\" target=\"_blank\" rel=\"noopener\"><span style=\"color: #000000;\">\u00ba semestre 2024\/25<\/span><\/a><\/p><p><a style=\"background-color: #ffffff;\" href=\"https:\/\/mkt.up.pt\/fmup\/email\/view\/66fc02059ef89073984526\" target=\"_blank\" rel=\"noopener\"><span style=\"color: #000000;\">1\u00ba semestre 2024\/25<\/span><\/a><\/p><p><a href=\"https:\/\/mkt.up.pt\/fmup\/email\/view\/660be14a8a450653684395\" target=\"_blank\" rel=\"noopener\"><span style=\"color: #000000;\">2\u00ba semestre 2023\/24<\/span><\/a><\/p><p><a href=\"https:\/\/mkt.up.pt\/fmup\/email\/view\/6504243b6f8b4262238923\" target=\"_blank\" rel=\"noopener\"><span style=\"color: #000000;\">1\u00ba semestre 2023\/24<\/span><\/a><\/p><p><a href=\"https:\/\/mkt.up.pt\/fmup\/email\/preview\/131\" target=\"_blank\" rel=\"noopener\"><span style=\"color: #000000;\">2\u00ba semestre 2022\/23<\/span><\/a><\/p><p><a href=\"https:\/\/mkt.up.pt\/fmup\/email\/view\/632ae56e0ff76092494393\" target=\"_blank\" rel=\"noopener\"><span style=\"color: #000000;\">1\u00ba semestre 2022\/23<\/span><\/a><\/p>\t\t\t\t\t<\/div>\n\t\t\t\t\t\t<\/div>\n\t\t\t\t<\/div>\n\t\t\t\t<div class=\"elementor-element elementor-element-637112ad elementor-widget-divider--view-line elementor-widget elementor-widget-divider\" data-id=\"637112ad\" data-element_type=\"widget\" data-widget_type=\"divider.default\">\n\t\t\t\t<div class=\"elementor-widget-container\">\n\t\t\t\t\t<div class=\"elementor-divider\">\n\t\t\t<span class=\"elementor-divider-separator\">\n\t\t\t\t\t\t<\/span>\n\t\t<\/div>\n\t\t\t\t<\/div>\n\t\t\t\t<\/div>\n\t\t\t\t\t\t<\/div>\n\t\t\t\t\t<\/div>\n\t\t<\/div>\n\t\t\t\t\t\t\t\t<\/div>\n\t\t\t\t\t<\/div>\n\t\t<\/section>\n\t\t\t\t\t\t\t\t\t<\/div>\n\t\t\t<\/div>\n\t\t\t\t\t<\/div>\n\t\t","protected":false},"excerpt":{"rendered":"<p>Servi\u00e7os servi\u00e7o de forma\u00e7\u00e3o Este servi\u00e7o tem as seguintes val\u00eancias: Forma\u00e7\u00e3o quer presencial, quer online sobre tem\u00e1ticas variadas e de acordo com as necessidades detetadas, como pesquisa nas diferentes bases de dados, utiliza\u00e7\u00e3o do software de gest\u00e3o de refer\u00eancias bibliogr\u00e1ficas <a href=\"https:\/\/biblioteca.med.up.pt\/wordpress\/servico-de-formacao\/\" class=\"read-more\">Ler mais &#8230;<\/a><\/p>\n","protected":false},"author":7,"featured_media":0,"parent":0,"menu_order":0,"comment_status":"closed","ping_status":"closed","template":"","meta":[],"_links":{"self":[{"href":"https:\/\/biblioteca.med.up.pt\/wordpress\/wp-json\/wp\/v2\/pages\/20588"}],"collection":[{"href":"https:\/\/biblioteca.med.up.pt\/wordpress\/wp-json\/wp\/v2\/pages"}],"about":[{"href":"https:\/\/biblioteca.med.up.pt\/wordpress\/wp-json\/wp\/v2\/types\/page"}],"author":[{"embeddable":true,"href":"https:\/\/biblioteca.med.up.pt\/wordpress\/wp-json\/wp\/v2\/users\/7"}],"replies":[{"embeddable":true,"href":"https:\/\/biblioteca.med.up.pt\/wordpress\/wp-json\/wp\/v2\/comments?post=20588"}],"version-history":[{"count":50,"href":"https:\/\/biblioteca.med.up.pt\/wordpress\/wp-json\/wp\/v2\/pages\/20588\/revisions"}],"predecessor-version":[{"id":23569,"href":"https:\/\/biblioteca.med.up.pt\/wordpress\/wp-json\/wp\/v2\/pages\/20588\/revisions\/23569"}],"wp:attachment":[{"href":"https:\/\/biblioteca.med.up.pt\/wordpress\/wp-json\/wp\/v2\/media?parent=20588"}],"curies":[{"name":"wp","href":"https:\/\/api.w.org\/{rel}","templated":true}]}}