{"id":20580,"date":"2023-05-11T14:22:48","date_gmt":"2023-05-11T13:22:48","guid":{"rendered":"https:\/\/biblioteca.med.up.pt\/?page_id=20580"},"modified":"2025-03-21T09:07:03","modified_gmt":"2025-03-21T09:07:03","slug":"bibliometria","status":"publish","type":"page","link":"https:\/\/biblioteca.med.up.pt\/wordpress\/bibliometria\/","title":{"rendered":""},"content":{"rendered":"\t\t<div data-elementor-type=\"wp-page\" data-elementor-id=\"20580\" class=\"elementor elementor-20580\">\n\t\t\t\t\t\t<div class=\"elementor-inner\">\n\t\t\t\t<div class=\"elementor-section-wrap\">\n\t\t\t\t\t\t\t\t\t<section class=\"elementor-section elementor-top-section elementor-element elementor-element-ed645b9 elementor-section-boxed elementor-section-height-default elementor-section-height-default\" data-id=\"ed645b9\" data-element_type=\"section\" data-settings=\"{&quot;background_background&quot;:&quot;classic&quot;}\">\n\t\t\t\t\t\t<div class=\"elementor-container elementor-column-gap-default\">\n\t\t\t\t\t\t\t<div class=\"elementor-row\">\n\t\t\t\t\t<div class=\"elementor-column elementor-col-100 elementor-top-column elementor-element elementor-element-63b5c6d2\" data-id=\"63b5c6d2\" data-element_type=\"column\" data-settings=\"{&quot;background_background&quot;:&quot;classic&quot;}\">\n\t\t\t<div class=\"elementor-column-wrap elementor-element-populated\">\n\t\t\t\t\t\t\t<div class=\"elementor-widget-wrap\">\n\t\t\t\t\t\t<section class=\"elementor-section elementor-inner-section elementor-element elementor-element-1448f049 elementor-section-boxed elementor-section-height-default elementor-section-height-default\" data-id=\"1448f049\" data-element_type=\"section\">\n\t\t\t\t\t\t<div class=\"elementor-container elementor-column-gap-default\">\n\t\t\t\t\t\t\t<div class=\"elementor-row\">\n\t\t\t\t\t<div class=\"elementor-column elementor-col-33 elementor-inner-column elementor-element elementor-element-1c08745a\" data-id=\"1c08745a\" data-element_type=\"column\">\n\t\t\t<div class=\"elementor-column-wrap elementor-element-populated\">\n\t\t\t\t\t\t\t<div class=\"elementor-widget-wrap\">\n\t\t\t\t\t\t<div class=\"elementor-element elementor-element-37667c8c elementor-widget-divider--view-line elementor-widget elementor-widget-divider\" data-id=\"37667c8c\" data-element_type=\"widget\" data-widget_type=\"divider.default\">\n\t\t\t\t<div class=\"elementor-widget-container\">\n\t\t\t\t\t<div class=\"elementor-divider\">\n\t\t\t<span class=\"elementor-divider-separator\">\n\t\t\t\t\t\t<\/span>\n\t\t<\/div>\n\t\t\t\t<\/div>\n\t\t\t\t<\/div>\n\t\t\t\t\t\t<\/div>\n\t\t\t\t\t<\/div>\n\t\t<\/div>\n\t\t\t\t<div class=\"elementor-column elementor-col-33 elementor-inner-column elementor-element elementor-element-553d084\" data-id=\"553d084\" data-element_type=\"column\">\n\t\t\t<div class=\"elementor-column-wrap elementor-element-populated\">\n\t\t\t\t\t\t\t<div class=\"elementor-widget-wrap\">\n\t\t\t\t\t\t<div class=\"elementor-element elementor-element-73b2ab75 elementor-widget elementor-widget-heading\" data-id=\"73b2ab75\" data-element_type=\"widget\" data-widget_type=\"heading.default\">\n\t\t\t\t<div class=\"elementor-widget-container\">\n\t\t\t<h3 class=\"elementor-heading-title elementor-size-default\">Servi\u00e7os<\/h3>\t\t<\/div>\n\t\t\t\t<\/div>\n\t\t\t\t\t\t<\/div>\n\t\t\t\t\t<\/div>\n\t\t<\/div>\n\t\t\t\t<div class=\"elementor-column elementor-col-33 elementor-inner-column elementor-element elementor-element-33582a06\" data-id=\"33582a06\" data-element_type=\"column\">\n\t\t\t<div class=\"elementor-column-wrap elementor-element-populated\">\n\t\t\t\t\t\t\t<div class=\"elementor-widget-wrap\">\n\t\t\t\t\t\t<div class=\"elementor-element elementor-element-61749aee elementor-widget-divider--view-line elementor-widget elementor-widget-divider\" data-id=\"61749aee\" data-element_type=\"widget\" data-widget_type=\"divider.default\">\n\t\t\t\t<div class=\"elementor-widget-container\">\n\t\t\t\t\t<div class=\"elementor-divider\">\n\t\t\t<span class=\"elementor-divider-separator\">\n\t\t\t\t\t\t<\/span>\n\t\t<\/div>\n\t\t\t\t<\/div>\n\t\t\t\t<\/div>\n\t\t\t\t\t\t<\/div>\n\t\t\t\t\t<\/div>\n\t\t<\/div>\n\t\t\t\t\t\t\t\t<\/div>\n\t\t\t\t\t<\/div>\n\t\t<\/section>\n\t\t\t\t<div class=\"elementor-element elementor-element-4938e3e0 elementor-widget elementor-widget-heading\" data-id=\"4938e3e0\" data-element_type=\"widget\" data-widget_type=\"heading.default\">\n\t\t\t\t<div class=\"elementor-widget-container\">\n\t\t\t<h2 class=\"elementor-heading-title elementor-size-default\">Servi\u00e7o de BibliometriA<\/h2>\t\t<\/div>\n\t\t\t\t<\/div>\n\t\t\t\t<div class=\"elementor-element elementor-element-3a1068df elementor-widget elementor-widget-text-editor\" data-id=\"3a1068df\" data-element_type=\"widget\" data-widget_type=\"text-editor.default\">\n\t\t\t\t<div class=\"elementor-widget-container\">\n\t\t\t\t\t\t\t\t<div class=\"elementor-text-editor elementor-clearfix\">\n\t\t\t\t<p><span style=\"color: #000000;\">Este servi\u00e7o tem as seguintes val\u00eancias:<\/span><\/p><p><span style=\"color: #000000;\">\u2022 Valida\u00e7\u00e3o publica\u00e7\u00f5es docentes no SIGARRA\/Authenticus;<\/span><\/p><p><span style=\"color: #000000;\">\u2022 Apoio docentes\/investigadores inser\u00e7\u00e3o publica\u00e7\u00f5es SIGARRA\/ Authenticus;<\/span><\/p><p><span style=\"color: #000000;\">\u2022 Realiza\u00e7\u00e3o de an\u00e1lises bibliom\u00e9tricas a pedido;<\/span><\/p><p><span style=\"color: #000000;\">\u2022 Apoio na cria\u00e7\u00e3o de an\u00e1lises bibliom\u00e9tricas de autores;<\/span><\/p><p><span style=\"color: #000000;\">\u2022 C\u00e1lculo scores das teses de doutoramento;<\/span><\/p><p><span style=\"color: #000000;\">\u2022 Apoio na gest\u00e3o\/cria\u00e7\u00e3o de identificadores de autoria.<\/span><\/p><p><a href=\"https:\/\/biblioteca.med.up.pt\/publicacoes-fmup-wos_cc-2024\/\" target=\"_blank\" rel=\"noopener\"><span style=\"color: #000000;\">Artigos FMUP<\/span><\/a><\/p>\t\t\t\t\t<\/div>\n\t\t\t\t\t\t<\/div>\n\t\t\t\t<\/div>\n\t\t\t\t<div class=\"elementor-element elementor-element-637112ad elementor-widget-divider--view-line elementor-widget elementor-widget-divider\" data-id=\"637112ad\" data-element_type=\"widget\" data-widget_type=\"divider.default\">\n\t\t\t\t<div class=\"elementor-widget-container\">\n\t\t\t\t\t<div class=\"elementor-divider\">\n\t\t\t<span class=\"elementor-divider-separator\">\n\t\t\t\t\t\t<\/span>\n\t\t<\/div>\n\t\t\t\t<\/div>\n\t\t\t\t<\/div>\n\t\t\t\t\t\t<\/div>\n\t\t\t\t\t<\/div>\n\t\t<\/div>\n\t\t\t\t\t\t\t\t<\/div>\n\t\t\t\t\t<\/div>\n\t\t<\/section>\n\t\t\t\t\t\t\t\t\t<\/div>\n\t\t\t<\/div>\n\t\t\t\t\t<\/div>\n\t\t","protected":false},"excerpt":{"rendered":"<p>Servi\u00e7os Servi\u00e7o de BibliometriA Este servi\u00e7o tem as seguintes val\u00eancias: \u2022 Valida\u00e7\u00e3o publica\u00e7\u00f5es docentes no SIGARRA\/Authenticus; \u2022 Apoio docentes\/investigadores inser\u00e7\u00e3o publica\u00e7\u00f5es SIGARRA\/ Authenticus; \u2022 Realiza\u00e7\u00e3o de an\u00e1lises bibliom\u00e9tricas a pedido; \u2022 Apoio na cria\u00e7\u00e3o de an\u00e1lises bibliom\u00e9tricas de autores; \u2022 <a href=\"https:\/\/biblioteca.med.up.pt\/wordpress\/bibliometria\/\" class=\"read-more\">Ler mais &#8230;<\/a><\/p>\n","protected":false},"author":7,"featured_media":0,"parent":0,"menu_order":0,"comment_status":"closed","ping_status":"closed","template":"","meta":[],"_links":{"self":[{"href":"https:\/\/biblioteca.med.up.pt\/wordpress\/wp-json\/wp\/v2\/pages\/20580"}],"collection":[{"href":"https:\/\/biblioteca.med.up.pt\/wordpress\/wp-json\/wp\/v2\/pages"}],"about":[{"href":"https:\/\/biblioteca.med.up.pt\/wordpress\/wp-json\/wp\/v2\/types\/page"}],"author":[{"embeddable":true,"href":"https:\/\/biblioteca.med.up.pt\/wordpress\/wp-json\/wp\/v2\/users\/7"}],"replies":[{"embeddable":true,"href":"https:\/\/biblioteca.med.up.pt\/wordpress\/wp-json\/wp\/v2\/comments?post=20580"}],"version-history":[{"count":22,"href":"https:\/\/biblioteca.med.up.pt\/wordpress\/wp-json\/wp\/v2\/pages\/20580\/revisions"}],"predecessor-version":[{"id":22605,"href":"https:\/\/biblioteca.med.up.pt\/wordpress\/wp-json\/wp\/v2\/pages\/20580\/revisions\/22605"}],"wp:attachment":[{"href":"https:\/\/biblioteca.med.up.pt\/wordpress\/wp-json\/wp\/v2\/media?parent=20580"}],"curies":[{"name":"wp","href":"https:\/\/api.w.org\/{rel}","templated":true}]}}