{"id":20550,"date":"2023-05-11T14:00:11","date_gmt":"2023-05-11T13:00:11","guid":{"rendered":"https:\/\/biblioteca.med.up.pt\/?page_id=20550"},"modified":"2025-12-22T10:28:47","modified_gmt":"2025-12-22T10:28:47","slug":"servico-de-aquisicoes","status":"publish","type":"page","link":"https:\/\/biblioteca.med.up.pt\/wordpress\/servico-de-aquisicoes\/","title":{"rendered":""},"content":{"rendered":"\t\t<div data-elementor-type=\"wp-page\" data-elementor-id=\"20550\" class=\"elementor elementor-20550\">\n\t\t\t\t\t\t<div class=\"elementor-inner\">\n\t\t\t\t<div class=\"elementor-section-wrap\">\n\t\t\t\t\t\t\t\t\t<section class=\"elementor-section elementor-top-section elementor-element elementor-element-ed645b9 elementor-section-boxed elementor-section-height-default elementor-section-height-default\" data-id=\"ed645b9\" data-element_type=\"section\" data-settings=\"{&quot;background_background&quot;:&quot;classic&quot;}\">\n\t\t\t\t\t\t<div class=\"elementor-container elementor-column-gap-default\">\n\t\t\t\t\t\t\t<div class=\"elementor-row\">\n\t\t\t\t\t<div class=\"elementor-column elementor-col-100 elementor-top-column elementor-element elementor-element-63b5c6d2\" data-id=\"63b5c6d2\" data-element_type=\"column\" data-settings=\"{&quot;background_background&quot;:&quot;classic&quot;}\">\n\t\t\t<div class=\"elementor-column-wrap elementor-element-populated\">\n\t\t\t\t\t\t\t<div class=\"elementor-widget-wrap\">\n\t\t\t\t\t\t<section class=\"elementor-section elementor-inner-section elementor-element elementor-element-1448f049 elementor-section-boxed elementor-section-height-default elementor-section-height-default\" data-id=\"1448f049\" data-element_type=\"section\">\n\t\t\t\t\t\t<div class=\"elementor-container elementor-column-gap-default\">\n\t\t\t\t\t\t\t<div class=\"elementor-row\">\n\t\t\t\t\t<div class=\"elementor-column elementor-col-33 elementor-inner-column elementor-element elementor-element-1c08745a\" data-id=\"1c08745a\" data-element_type=\"column\">\n\t\t\t<div class=\"elementor-column-wrap elementor-element-populated\">\n\t\t\t\t\t\t\t<div class=\"elementor-widget-wrap\">\n\t\t\t\t\t\t<div class=\"elementor-element elementor-element-37667c8c elementor-widget-divider--view-line elementor-widget elementor-widget-divider\" data-id=\"37667c8c\" data-element_type=\"widget\" data-widget_type=\"divider.default\">\n\t\t\t\t<div class=\"elementor-widget-container\">\n\t\t\t\t\t<div class=\"elementor-divider\">\n\t\t\t<span class=\"elementor-divider-separator\">\n\t\t\t\t\t\t<\/span>\n\t\t<\/div>\n\t\t\t\t<\/div>\n\t\t\t\t<\/div>\n\t\t\t\t\t\t<\/div>\n\t\t\t\t\t<\/div>\n\t\t<\/div>\n\t\t\t\t<div class=\"elementor-column elementor-col-33 elementor-inner-column elementor-element elementor-element-553d084\" data-id=\"553d084\" data-element_type=\"column\">\n\t\t\t<div class=\"elementor-column-wrap elementor-element-populated\">\n\t\t\t\t\t\t\t<div class=\"elementor-widget-wrap\">\n\t\t\t\t\t\t<div class=\"elementor-element elementor-element-73b2ab75 elementor-widget elementor-widget-heading\" data-id=\"73b2ab75\" data-element_type=\"widget\" data-widget_type=\"heading.default\">\n\t\t\t\t<div class=\"elementor-widget-container\">\n\t\t\t<h3 class=\"elementor-heading-title elementor-size-default\">Servi\u00e7os<\/h3>\t\t<\/div>\n\t\t\t\t<\/div>\n\t\t\t\t\t\t<\/div>\n\t\t\t\t\t<\/div>\n\t\t<\/div>\n\t\t\t\t<div class=\"elementor-column elementor-col-33 elementor-inner-column elementor-element elementor-element-33582a06\" data-id=\"33582a06\" data-element_type=\"column\">\n\t\t\t<div class=\"elementor-column-wrap elementor-element-populated\">\n\t\t\t\t\t\t\t<div class=\"elementor-widget-wrap\">\n\t\t\t\t\t\t<div class=\"elementor-element elementor-element-61749aee elementor-widget-divider--view-line elementor-widget elementor-widget-divider\" data-id=\"61749aee\" data-element_type=\"widget\" data-widget_type=\"divider.default\">\n\t\t\t\t<div class=\"elementor-widget-container\">\n\t\t\t\t\t<div class=\"elementor-divider\">\n\t\t\t<span class=\"elementor-divider-separator\">\n\t\t\t\t\t\t<\/span>\n\t\t<\/div>\n\t\t\t\t<\/div>\n\t\t\t\t<\/div>\n\t\t\t\t\t\t<\/div>\n\t\t\t\t\t<\/div>\n\t\t<\/div>\n\t\t\t\t\t\t\t\t<\/div>\n\t\t\t\t\t<\/div>\n\t\t<\/section>\n\t\t\t\t<div class=\"elementor-element elementor-element-4938e3e0 elementor-widget__width-initial elementor-widget elementor-widget-heading\" data-id=\"4938e3e0\" data-element_type=\"widget\" data-widget_type=\"heading.default\">\n\t\t\t\t<div class=\"elementor-widget-container\">\n\t\t\t<h2 class=\"elementor-heading-title elementor-size-default\">Servi\u00e7o de aquisi\u00e7\u00f5es<\/h2>\t\t<\/div>\n\t\t\t\t<\/div>\n\t\t\t\t<div class=\"elementor-element elementor-element-3a1068df elementor-widget elementor-widget-text-editor\" data-id=\"3a1068df\" data-element_type=\"widget\" data-widget_type=\"text-editor.default\">\n\t\t\t\t<div class=\"elementor-widget-container\">\n\t\t\t\t\t\t\t\t<div class=\"elementor-text-editor elementor-clearfix\">\n\t\t\t\t<p><span style=\"color: #000000;\">A Biblioteca obedece aos crit\u00e9rios de desenvolvimento e \u00e0 pol\u00edtica de aquisi\u00e7\u00f5es seguinte:<\/span><\/p><p><span style=\"color: #000000;\">a) A Biblioteca da FMUP adquire, gere e mant\u00e9m cole\u00e7\u00f5es de documentos, em qualquer suporte, diretamente relacionados com as Ci\u00eancias da Sa\u00fade e da Biologia Humana ou com \u00e1reas transdisciplinares;<\/span><\/p><p><span style=\"color: #000000;\">b) A prioridade na aquisi\u00e7\u00e3o de novos exemplares \u00e9 dada a manuais e obras de \u00edndole acad\u00e9mica em qualquer suporte documental, que sejam necess\u00e1rios para a concretiza\u00e7\u00e3o dos objetivos de estudo e investiga\u00e7\u00e3o de toda a oferta formativa da FMUP;<\/span><\/p><p><span style=\"color: #000000;\">c) A Biblioteca reserva-se o direito de aceitar ou recusar, de acordo com os seus interesses cient\u00edficos ou culturais, as ofertas que lhe sejam feitas.<\/span><\/p><p><span style=\"color: #000000;\">Para sugest\u00e3o de aquisi\u00e7\u00e3o de livros, clique <a href=\"https:\/\/biblioteca.med.up.pt\/sugestao-de-aquisicao-de-livros\/\">AQUI<\/a>.\u00a0<\/span><\/p>\t\t\t\t\t<\/div>\n\t\t\t\t\t\t<\/div>\n\t\t\t\t<\/div>\n\t\t\t\t<div class=\"elementor-element elementor-element-637112ad elementor-widget-divider--view-line elementor-widget elementor-widget-divider\" data-id=\"637112ad\" data-element_type=\"widget\" data-widget_type=\"divider.default\">\n\t\t\t\t<div class=\"elementor-widget-container\">\n\t\t\t\t\t<div class=\"elementor-divider\">\n\t\t\t<span class=\"elementor-divider-separator\">\n\t\t\t\t\t\t<\/span>\n\t\t<\/div>\n\t\t\t\t<\/div>\n\t\t\t\t<\/div>\n\t\t\t\t\t\t<\/div>\n\t\t\t\t\t<\/div>\n\t\t<\/div>\n\t\t\t\t\t\t\t\t<\/div>\n\t\t\t\t\t<\/div>\n\t\t<\/section>\n\t\t\t\t\t\t\t\t\t<\/div>\n\t\t\t<\/div>\n\t\t\t\t\t<\/div>\n\t\t","protected":false},"excerpt":{"rendered":"<p>Servi\u00e7os Servi\u00e7o de aquisi\u00e7\u00f5es A Biblioteca obedece aos crit\u00e9rios de desenvolvimento e \u00e0 pol\u00edtica de aquisi\u00e7\u00f5es seguinte: a) A Biblioteca da FMUP adquire, gere e mant\u00e9m cole\u00e7\u00f5es de documentos, em qualquer suporte, diretamente relacionados com as Ci\u00eancias da Sa\u00fade e <a href=\"https:\/\/biblioteca.med.up.pt\/wordpress\/servico-de-aquisicoes\/\" class=\"read-more\">Ler mais &#8230;<\/a><\/p>\n","protected":false},"author":7,"featured_media":0,"parent":0,"menu_order":0,"comment_status":"closed","ping_status":"closed","template":"","meta":[],"_links":{"self":[{"href":"https:\/\/biblioteca.med.up.pt\/wordpress\/wp-json\/wp\/v2\/pages\/20550"}],"collection":[{"href":"https:\/\/biblioteca.med.up.pt\/wordpress\/wp-json\/wp\/v2\/pages"}],"about":[{"href":"https:\/\/biblioteca.med.up.pt\/wordpress\/wp-json\/wp\/v2\/types\/page"}],"author":[{"embeddable":true,"href":"https:\/\/biblioteca.med.up.pt\/wordpress\/wp-json\/wp\/v2\/users\/7"}],"replies":[{"embeddable":true,"href":"https:\/\/biblioteca.med.up.pt\/wordpress\/wp-json\/wp\/v2\/comments?post=20550"}],"version-history":[{"count":25,"href":"https:\/\/biblioteca.med.up.pt\/wordpress\/wp-json\/wp\/v2\/pages\/20550\/revisions"}],"predecessor-version":[{"id":23349,"href":"https:\/\/biblioteca.med.up.pt\/wordpress\/wp-json\/wp\/v2\/pages\/20550\/revisions\/23349"}],"wp:attachment":[{"href":"https:\/\/biblioteca.med.up.pt\/wordpress\/wp-json\/wp\/v2\/media?parent=20550"}],"curies":[{"name":"wp","href":"https:\/\/api.w.org\/{rel}","templated":true}]}}