{"id":20526,"date":"2023-05-11T13:47:52","date_gmt":"2023-05-11T12:47:52","guid":{"rendered":"https:\/\/biblioteca.med.up.pt\/?page_id=20526"},"modified":"2025-12-22T10:51:45","modified_gmt":"2025-12-22T10:51:45","slug":"servico-de-leitura","status":"publish","type":"page","link":"https:\/\/biblioteca.med.up.pt\/wordpress\/servico-de-leitura\/","title":{"rendered":""},"content":{"rendered":"\t\t<div data-elementor-type=\"wp-page\" data-elementor-id=\"20526\" class=\"elementor elementor-20526\">\n\t\t\t\t\t\t<div class=\"elementor-inner\">\n\t\t\t\t<div class=\"elementor-section-wrap\">\n\t\t\t\t\t\t\t\t\t<section class=\"elementor-section elementor-top-section elementor-element elementor-element-ed645b9 elementor-section-boxed elementor-section-height-default elementor-section-height-default\" data-id=\"ed645b9\" data-element_type=\"section\" data-settings=\"{&quot;background_background&quot;:&quot;classic&quot;}\">\n\t\t\t\t\t\t<div class=\"elementor-container elementor-column-gap-default\">\n\t\t\t\t\t\t\t<div class=\"elementor-row\">\n\t\t\t\t\t<div class=\"elementor-column elementor-col-100 elementor-top-column elementor-element elementor-element-63b5c6d2\" data-id=\"63b5c6d2\" data-element_type=\"column\" data-settings=\"{&quot;background_background&quot;:&quot;classic&quot;}\">\n\t\t\t<div class=\"elementor-column-wrap elementor-element-populated\">\n\t\t\t\t\t\t\t<div class=\"elementor-widget-wrap\">\n\t\t\t\t\t\t<section class=\"elementor-section elementor-inner-section elementor-element elementor-element-1448f049 elementor-section-boxed elementor-section-height-default elementor-section-height-default\" data-id=\"1448f049\" data-element_type=\"section\">\n\t\t\t\t\t\t<div class=\"elementor-container elementor-column-gap-default\">\n\t\t\t\t\t\t\t<div class=\"elementor-row\">\n\t\t\t\t\t<div class=\"elementor-column elementor-col-33 elementor-inner-column elementor-element elementor-element-1c08745a\" data-id=\"1c08745a\" data-element_type=\"column\">\n\t\t\t<div class=\"elementor-column-wrap elementor-element-populated\">\n\t\t\t\t\t\t\t<div class=\"elementor-widget-wrap\">\n\t\t\t\t\t\t<div class=\"elementor-element elementor-element-37667c8c elementor-widget-divider--view-line elementor-widget elementor-widget-divider\" data-id=\"37667c8c\" data-element_type=\"widget\" data-widget_type=\"divider.default\">\n\t\t\t\t<div class=\"elementor-widget-container\">\n\t\t\t\t\t<div class=\"elementor-divider\">\n\t\t\t<span class=\"elementor-divider-separator\">\n\t\t\t\t\t\t<\/span>\n\t\t<\/div>\n\t\t\t\t<\/div>\n\t\t\t\t<\/div>\n\t\t\t\t\t\t<\/div>\n\t\t\t\t\t<\/div>\n\t\t<\/div>\n\t\t\t\t<div class=\"elementor-column elementor-col-33 elementor-inner-column elementor-element elementor-element-553d084\" data-id=\"553d084\" data-element_type=\"column\">\n\t\t\t<div class=\"elementor-column-wrap elementor-element-populated\">\n\t\t\t\t\t\t\t<div class=\"elementor-widget-wrap\">\n\t\t\t\t\t\t<div class=\"elementor-element elementor-element-73b2ab75 elementor-widget elementor-widget-heading\" data-id=\"73b2ab75\" data-element_type=\"widget\" data-widget_type=\"heading.default\">\n\t\t\t\t<div class=\"elementor-widget-container\">\n\t\t\t<h3 class=\"elementor-heading-title elementor-size-default\">Servi\u00e7os<\/h3>\t\t<\/div>\n\t\t\t\t<\/div>\n\t\t\t\t\t\t<\/div>\n\t\t\t\t\t<\/div>\n\t\t<\/div>\n\t\t\t\t<div class=\"elementor-column elementor-col-33 elementor-inner-column elementor-element elementor-element-33582a06\" data-id=\"33582a06\" data-element_type=\"column\">\n\t\t\t<div class=\"elementor-column-wrap elementor-element-populated\">\n\t\t\t\t\t\t\t<div class=\"elementor-widget-wrap\">\n\t\t\t\t\t\t<div class=\"elementor-element elementor-element-61749aee elementor-widget-divider--view-line elementor-widget elementor-widget-divider\" data-id=\"61749aee\" data-element_type=\"widget\" data-widget_type=\"divider.default\">\n\t\t\t\t<div class=\"elementor-widget-container\">\n\t\t\t\t\t<div class=\"elementor-divider\">\n\t\t\t<span class=\"elementor-divider-separator\">\n\t\t\t\t\t\t<\/span>\n\t\t<\/div>\n\t\t\t\t<\/div>\n\t\t\t\t<\/div>\n\t\t\t\t\t\t<\/div>\n\t\t\t\t\t<\/div>\n\t\t<\/div>\n\t\t\t\t\t\t\t\t<\/div>\n\t\t\t\t\t<\/div>\n\t\t<\/section>\n\t\t\t\t<div class=\"elementor-element elementor-element-4938e3e0 elementor-widget elementor-widget-heading\" data-id=\"4938e3e0\" data-element_type=\"widget\" data-widget_type=\"heading.default\">\n\t\t\t\t<div class=\"elementor-widget-container\">\n\t\t\t<h2 class=\"elementor-heading-title elementor-size-default\">Servi\u00e7o de leitura<\/h2>\t\t<\/div>\n\t\t\t\t<\/div>\n\t\t\t\t<div class=\"elementor-element elementor-element-3a1068df elementor-widget elementor-widget-text-editor\" data-id=\"3a1068df\" data-element_type=\"widget\" data-widget_type=\"text-editor.default\">\n\t\t\t\t<div class=\"elementor-widget-container\">\n\t\t\t\t\t\t\t\t<div class=\"elementor-text-editor elementor-clearfix\">\n\t\t\t\t<p><span style=\"color: #000000;\">A sala de leitura disp\u00f5e de cerca de 250 lugares sentados para estudo e 12 terminais de computadores. Disp\u00f5e ainda de uma zona de sof\u00e1s para leitura descontra\u00edda e de uma \u00e1rea de exposi\u00e7\u00f5es.<\/span><\/p><p><span style=\"color: #000000;\">No <a href=\"https:\/\/biblioteca.med.up.pt\/ligacao\/\" target=\"_blank\" rel=\"noopener\">cat\u00e1logo<\/a> podem ser recuperados os documentos existentes na Biblioteca.<\/span><\/p><p><span style=\"color: #000000;\">Os documentos na sala de leitura encontram-se em livre acesso, e est\u00e3o organizados nas estantes por assunto, de acordo com a Classifica\u00e7\u00e3o da National Library of Medicine. A Classifica\u00e7\u00e3o adaptada utilizada pode ser consultada em <a href=\"https:\/\/biblioteca.med.up.pt\/wp-content\/uploads\/2025\/11\/Tabela-de-Classificacao-da-Biblioteca-da-FMUP.pdf\" target=\"_blank\" rel=\"noopener\">AQUI<\/a>.<\/span><\/p><p><span style=\"color: #000000;\">Podem tamb\u00e9m ser consultados os documentos em dep\u00f3sito mediante disponibilidade e marca\u00e7\u00e3o pr\u00e9via.<\/span><\/p><p><span style=\"color: #000000;\">Quando se pesquisa um documento no cat\u00e1logo, dever-se-\u00e1 retirar a cota do documento que permite a sua localiza\u00e7\u00e3o.<\/span><\/p><p><span style=\"color: #000000;\">Ex. cota:<\/span><\/p><p><span style=\"color: #000000;\"><strong>WG100-21\/001<\/strong> (<strong>WG100<\/strong>: Assunto Cardiologia; <strong>21<\/strong>: ano do documento 2021; <strong>001<\/strong>: n\u00famero sequencial).<\/span><\/p>\t\t\t\t\t<\/div>\n\t\t\t\t\t\t<\/div>\n\t\t\t\t<\/div>\n\t\t\t\t<div class=\"elementor-element elementor-element-637112ad elementor-widget-divider--view-line elementor-widget elementor-widget-divider\" data-id=\"637112ad\" data-element_type=\"widget\" data-widget_type=\"divider.default\">\n\t\t\t\t<div class=\"elementor-widget-container\">\n\t\t\t\t\t<div class=\"elementor-divider\">\n\t\t\t<span class=\"elementor-divider-separator\">\n\t\t\t\t\t\t<\/span>\n\t\t<\/div>\n\t\t\t\t<\/div>\n\t\t\t\t<\/div>\n\t\t\t\t\t\t<\/div>\n\t\t\t\t\t<\/div>\n\t\t<\/div>\n\t\t\t\t\t\t\t\t<\/div>\n\t\t\t\t\t<\/div>\n\t\t<\/section>\n\t\t\t\t\t\t\t\t\t<\/div>\n\t\t\t<\/div>\n\t\t\t\t\t<\/div>\n\t\t","protected":false},"excerpt":{"rendered":"<p>Servi\u00e7os Servi\u00e7o de leitura A sala de leitura disp\u00f5e de cerca de 250 lugares sentados para estudo e 12 terminais de computadores. Disp\u00f5e ainda de uma zona de sof\u00e1s para leitura descontra\u00edda e de uma \u00e1rea de exposi\u00e7\u00f5es. No cat\u00e1logo <a href=\"https:\/\/biblioteca.med.up.pt\/wordpress\/servico-de-leitura\/\" class=\"read-more\">Ler mais &#8230;<\/a><\/p>\n","protected":false},"author":7,"featured_media":0,"parent":0,"menu_order":0,"comment_status":"closed","ping_status":"closed","template":"","meta":[],"_links":{"self":[{"href":"https:\/\/biblioteca.med.up.pt\/wordpress\/wp-json\/wp\/v2\/pages\/20526"}],"collection":[{"href":"https:\/\/biblioteca.med.up.pt\/wordpress\/wp-json\/wp\/v2\/pages"}],"about":[{"href":"https:\/\/biblioteca.med.up.pt\/wordpress\/wp-json\/wp\/v2\/types\/page"}],"author":[{"embeddable":true,"href":"https:\/\/biblioteca.med.up.pt\/wordpress\/wp-json\/wp\/v2\/users\/7"}],"replies":[{"embeddable":true,"href":"https:\/\/biblioteca.med.up.pt\/wordpress\/wp-json\/wp\/v2\/comments?post=20526"}],"version-history":[{"count":28,"href":"https:\/\/biblioteca.med.up.pt\/wordpress\/wp-json\/wp\/v2\/pages\/20526\/revisions"}],"predecessor-version":[{"id":23352,"href":"https:\/\/biblioteca.med.up.pt\/wordpress\/wp-json\/wp\/v2\/pages\/20526\/revisions\/23352"}],"wp:attachment":[{"href":"https:\/\/biblioteca.med.up.pt\/wordpress\/wp-json\/wp\/v2\/media?parent=20526"}],"curies":[{"name":"wp","href":"https:\/\/api.w.org\/{rel}","templated":true}]}}