{"id":203,"date":"2017-03-27T12:44:19","date_gmt":"2017-03-27T12:44:19","guid":{"rendered":"https:\/\/biblioteca.web.med.up.pt\/wordpress\/?page_id=203"},"modified":"2018-06-21T10:43:31","modified_gmt":"2018-06-21T10:43:31","slug":"equipa","status":"publish","type":"page","link":"https:\/\/biblioteca.med.up.pt\/wordpress\/equipa\/","title":{"rendered":"Equipa \ud83d\udc65"},"content":{"rendered":"<div class=\"tmm tmm_equipa-nova\"><div class=\"tmm_2_columns tmm_wrap tmm_theme_f\"><span class=\"tmm_two_containers_tablet\"><\/span><div class=\"tmm_container\"><div class=\"tmm_member\" style=\"border-top:#ffd600 solid 5px;\"><div class=\"tmm_photo tmm_pic_equipa-nova_0\" style=\"background: url(https:\/\/biblioteca.med.up.pt\/wp-content\/uploads\/2024\/10\/FilipaTorres.jpg); margin-left: auto; margin-right:auto; background-size:cover !important;\"><\/div><div class=\"tmm_textblock\"><div class=\"tmm_names\"><span class=\"tmm_fname\">Filipa <\/span> <span class=\"tmm_lname\">Torres<\/span><\/div><div class=\"tmm_job\">Coordenadora - Bibliotec\u00e1ria<\/div><div class=\"tmm_desc\" style=\"text-align:center\"><p><span style=\"color: #000000\">Forma\u00e7\u00e3o \u2022 Bibliometria \u2022 Pesquisas \u2022 Atendimento \u2022 Tratamento T\u00e9cnico<\/span><\/p><\/div><div class=\"tmm_scblock\"><a class=\"tmm_sociallink\" href=\"mailto:fotorres@med.up.pt\" title=\"\"><img alt=\"\" src=\"https:\/\/biblioteca.med.up.pt\/wp-content\/plugins\/team-members\/inc\/img\/links\/email.png\"\/><\/a><\/div><\/div><\/div><div class=\"tmm_member\" style=\"border-top:#ffd600 solid 5px;\"><div class=\"tmm_photo tmm_pic_equipa-nova_1\" style=\"background: url(https:\/\/biblioteca.med.up.pt\/wp-content\/uploads\/2024\/10\/OlgaRodrigues.jpg); margin-left: auto; margin-right:auto; background-size:cover !important;\"><\/div><div class=\"tmm_textblock\"><div class=\"tmm_names\"><span class=\"tmm_fname\">Olga<\/span> <span class=\"tmm_lname\">Rodrigues<\/span><\/div><div class=\"tmm_job\">T\u00e9cnica Superior - Bibliotec\u00e1ria<\/div><div class=\"tmm_desc\" style=\"text-align:center\"><p><span style=\"color: #000000\">Livro Antigo \u2022 Tratamento T\u00e9cnico \u2022 Atendimento \u2022 Pesquisas<\/span><\/p><\/div><div class=\"tmm_scblock\"><a class=\"tmm_sociallink\" href=\"mailto:olgacris@med.up.pt\" title=\"\"><img alt=\"\" src=\"https:\/\/biblioteca.med.up.pt\/wp-content\/plugins\/team-members\/inc\/img\/links\/email.png\"\/><\/a><\/div><\/div><\/div><span class=\"tmm_two_containers_tablet\"><\/span><\/div><span class=\"tmm_columns_containers_desktop\"><\/span><div class=\"tmm_container\"><div class=\"tmm_member\" style=\"border-top:#ffd600 solid 5px;\"><div class=\"tmm_photo tmm_pic_equipa-nova_2\" style=\"background: url(https:\/\/biblioteca.med.up.pt\/wordpress\/wp-content\/uploads\/2018\/06\/eu.jpg); margin-left: auto; margin-right:auto; background-size:cover !important;\"><\/div><div class=\"tmm_textblock\"><div class=\"tmm_names\"><span class=\"tmm_fname\">Jos\u00e9 Alberto<\/span> <span class=\"tmm_lname\">Pereira<\/span><\/div><div class=\"tmm_job\">T\u00e9cnico Superior - Bibliotec\u00e1rio<\/div><div class=\"tmm_desc\" style=\"text-align:center\"><p><span style=\"color: #000000\">Bibliometria \u2022 EIB \u2022 Gest\u00e3o Redes Sociais \u2022 Gest\u00e3o Conte\u00fados Web \u2022 Aquisi\u00e7\u00f5es Bibliogr\u00e1ficas \u2022 Pesquisas \u2022 Atendimento \u2022 Tratamento T\u00e9cnico<\/span><\/p><\/div><div class=\"tmm_scblock\"><a class=\"tmm_sociallink\" href=\"mailto:pereiraja@med.up.pt\" title=\"\"><img alt=\"\" src=\"https:\/\/biblioteca.med.up.pt\/wp-content\/plugins\/team-members\/inc\/img\/links\/email.png\"\/><\/a><\/div><\/div><\/div><div class=\"tmm_member\" style=\"border-top:#ffd600 solid 5px;\"><div class=\"tmm_photo tmm_pic_equipa-nova_3\" style=\"background: url(https:\/\/biblioteca.med.up.pt\/wp-content\/uploads\/2024\/10\/AliceSantos.jpg); margin-left: auto; margin-right:auto; background-size:cover !important;\"><\/div><div class=\"tmm_textblock\"><div class=\"tmm_names\"><span class=\"tmm_fname\">Alice <\/span> <span class=\"tmm_lname\">Santos<\/span><\/div><div class=\"tmm_job\">Assistente T\u00e9cnica<\/div><div class=\"tmm_desc\" style=\"text-align:center\"><p><span style=\"color: #000000\">Atendimento \u2022 Pesquisas \u2022 Peri\u00f3dicos<\/span><\/p><p>\u00a0<\/p><\/div><div class=\"tmm_scblock\"><a class=\"tmm_sociallink\" href=\"mailto:alicepps@med.up.pt\" title=\"\"><img alt=\"\" src=\"https:\/\/biblioteca.med.up.pt\/wp-content\/plugins\/team-members\/inc\/img\/links\/email.png\"\/><\/a><\/div><\/div><\/div><span class=\"tmm_two_containers_tablet\"><\/span><\/div><span class=\"tmm_columns_containers_desktop\"><\/span><div class=\"tmm_container\"><div class=\"tmm_member\" style=\"border-top:#ffd600 solid 5px;\"><div class=\"tmm_photo tmm_pic_equipa-nova_4\" style=\"background: url(https:\/\/biblioteca.med.up.pt\/wp-content\/uploads\/2024\/10\/JoanaAbreu.jpg); margin-left: auto; margin-right:auto; background-size:cover !important;\"><\/div><div class=\"tmm_textblock\"><div class=\"tmm_names\"><span class=\"tmm_fname\">Joana<\/span> <span class=\"tmm_lname\">Abreu<\/span><\/div><div class=\"tmm_job\">Assistente T\u00e9cnica<\/div><div class=\"tmm_desc\" style=\"text-align:center\"><p><span style=\"color: #000000\">Atendimento \u2022 Apoio log\u00edstico<\/span><\/p><\/div><div class=\"tmm_scblock\"><a class=\"tmm_sociallink\" href=\"mailto:joanabreu@med.up.pt\" title=\"\"><img alt=\"\" src=\"https:\/\/biblioteca.med.up.pt\/wp-content\/plugins\/team-members\/inc\/img\/links\/email.png\"\/><\/a><\/div><\/div><\/div><div class=\"tmm_member\" style=\"border-top:#ffd600 solid 5px;\"><div class=\"tmm_photo tmm_pic_equipa-nova_5\" style=\"background: url(https:\/\/biblioteca.med.up.pt\/wp-content\/uploads\/2024\/10\/CelesteAzevedo.jpg); margin-left: auto; margin-right:auto; background-size:cover !important;\"><\/div><div class=\"tmm_textblock\"><div class=\"tmm_names\"><span class=\"tmm_fname\">Celeste<\/span> <span class=\"tmm_lname\">Azevedo<\/span><\/div><div class=\"tmm_job\">Assistente T\u00e9cnica<\/div><div class=\"tmm_desc\" style=\"text-align:center\"><p>Atendimento \u2022 Apoio log\u00edstico<\/p><\/div><div class=\"tmm_scblock\"><a class=\"tmm_sociallink\" href=\"mailto:cazevedo@med.up.pt\" title=\"\"><img alt=\"\" src=\"https:\/\/biblioteca.med.up.pt\/wp-content\/plugins\/team-members\/inc\/img\/links\/email.png\"\/><\/a><\/div><\/div><\/div><div style=\"clear:both;\"><\/div><\/div><\/div><\/div>\n","protected":false},"excerpt":{"rendered":"","protected":false},"author":7,"featured_media":0,"parent":0,"menu_order":0,"comment_status":"closed","ping_status":"closed","template":"","meta":[],"_links":{"self":[{"href":"https:\/\/biblioteca.med.up.pt\/wordpress\/wp-json\/wp\/v2\/pages\/203"}],"collection":[{"href":"https:\/\/biblioteca.med.up.pt\/wordpress\/wp-json\/wp\/v2\/pages"}],"about":[{"href":"https:\/\/biblioteca.med.up.pt\/wordpress\/wp-json\/wp\/v2\/types\/page"}],"author":[{"embeddable":true,"href":"https:\/\/biblioteca.med.up.pt\/wordpress\/wp-json\/wp\/v2\/users\/7"}],"replies":[{"embeddable":true,"href":"https:\/\/biblioteca.med.up.pt\/wordpress\/wp-json\/wp\/v2\/comments?post=203"}],"version-history":[{"count":0,"href":"https:\/\/biblioteca.med.up.pt\/wordpress\/wp-json\/wp\/v2\/pages\/203\/revisions"}],"wp:attachment":[{"href":"https:\/\/biblioteca.med.up.pt\/wordpress\/wp-json\/wp\/v2\/media?parent=203"}],"curies":[{"name":"wp","href":"https:\/\/api.w.org\/{rel}","templated":true}]}}